{"id":398,"date":"2019-03-14T17:23:21","date_gmt":"2019-03-14T16:23:21","guid":{"rendered":"http:\/\/fbtplastics.com\/wp\/home\/"},"modified":"2025-07-03T12:41:14","modified_gmt":"2025-07-03T10:41:14","slug":"home","status":"publish","type":"page","link":"https:\/\/fbtplastics.com\/es\/","title":{"rendered":"Home"},"content":{"rendered":"<div class=\"wpb-content-wrapper\"><p>[vc_row full_width=\u00bbstretch_row_content_no_spaces\u00bb el_class=\u00bbcarrusel\u00bb][vc_column css=\u00bb.vc_custom_1546961378160{padding-right: 0px !important;padding-left: 0px !important;}\u00bb][vc_images_carousel images=\u00bb225,229,233&#8243; img_size=\u00bbfull\u00bb onclick=\u00bblink_no\u00bb autoplay=\u00bbyes\u00bb hide_prev_next_buttons=\u00bbyes\u00bb wrap=\u00bbyes\u00bb title=\u00bbAlcanzando nuevos retos en inyecci\u00f3n de pl\u00e1sticos\u00bb css=\u00bb.vc_custom_1689674444836{margin-bottom: 0px !important;}\u00bb][\/vc_column][\/vc_row][vc_row full_width=\u00bbstretch_row_content\u00bb equal_height=\u00bbyes\u00bb content_placement=\u00bbmiddle\u00bb el_class=\u00bbreverse\u00bb][vc_column width=\u00bb1\/2&#8243; css=\u00bb.vc_custom_1550049395958{background-image: url(http:\/\/fbtplastics.com\/wp\/wp-content\/uploads\/2019\/02\/home-empresa.jpg?id=242) !important;background-position: center !important;background-repeat: no-repeat !important;background-size: cover !important;}\u00bb el_class=\u00bbhome-boxes\u00bb][\/vc_column][vc_column width=\u00bb1\/2&#8243; css=\u00bb.vc_custom_1546960676081{background-color: #393b41 !important;}\u00bb][vc_column_text el_class=\u00bbdestacats\u00bb css=\u00bb.vc_custom_1552652804816{padding-right: 15% !important;padding-left: 15% !important;}\u00bb]<\/p>\n<h3 style=\"text-align: center;\">Empresa<\/h3>\n<hr \/>\n<p style=\"text-align: center;\">La experiencia de nuestro equipo t\u00e9cnico es el activo m\u00e1s importante durante el proceso de desarrollo y producci\u00f3n de cada proyecto.<\/p>\n<p style=\"text-align: center;\"><a href=\"http:\/\/fbtplastics.com\/es\/empresa\/\">Conoce FBT<\/a><\/p>\n<hr \/>\n<p>[\/vc_column_text][\/vc_column][\/vc_row][vc_row full_width=\u00bbstretch_row_content\u00bb equal_height=\u00bbyes\u00bb content_placement=\u00bbmiddle\u00bb][vc_column width=\u00bb1\/2&#8243; css=\u00bb.vc_custom_1546960676081{background-color: #393b41 !important;}\u00bb][vc_column_text el_class=\u00bbdestacats\u00bb css=\u00bb.vc_custom_1552652822374{padding-right: 15% !important;padding-left: 15% !important;}\u00bb]<\/p>\n<h3 style=\"text-align: center;\">Servicios<\/h3>\n<hr \/>\n<p style=\"text-align: center;\">En FBT realizamos el desarrollo integral del proyecto, desde el estudio de viabilidad inicial hasta la integraci\u00f3n de los postprocesos de producci\u00f3n.<\/p>\n<p style=\"text-align: center;\"><a href=\"http:\/\/fbtplastics.com\/es\/servicios\/\">Descubre qu\u00e9 podemos hacer por tu proyecto<\/a><\/p>\n<hr \/>\n<p>[\/vc_column_text][\/vc_column][vc_column width=\u00bb1\/2&#8243; css=\u00bb.vc_custom_1550049415334{background-image: url(http:\/\/fbtplastics.com\/wp\/wp-content\/uploads\/2019\/02\/home-serveis.jpg?id=246) !important;background-position: center !important;background-repeat: no-repeat !important;background-size: cover !important;}\u00bb el_class=\u00bbhome-boxes\u00bb][\/vc_column][\/vc_row][vc_row css=\u00bb.vc_custom_1547022950831{margin-top: 80px !important;}\u00bb][vc_column][vc_column_text]<\/p>\n<h3 style=\"text-align: center;\"><span style=\"color: #e12424;\">Desde el inicio<\/span><\/h3>\n<p style=\"text-align: center;\">Contacta con nosotros y te asesoraremos en<br \/>\nel desarrollo de tu proyecto.<\/p>\n<p>[\/vc_column_text][\/vc_column][\/vc_row][vc_row][vc_column]\n<div class=\"wpcf7 no-js\" id=\"wpcf7-f102-o1\" lang=\"es-ES\" dir=\"ltr\">\n<div class=\"screen-reader-response\"><p role=\"status\" aria-live=\"polite\" aria-atomic=\"true\"><\/p> <ul><\/ul><\/div>\n<form action=\"\/es\/wp-json\/wp\/v2\/pages\/398#wpcf7-f102-o1\" method=\"post\" class=\"wpcf7-form init\" aria-label=\"Formulario de contacto\" novalidate=\"novalidate\" data-status=\"init\">\n<div style=\"display: none;\">\n<input type=\"hidden\" name=\"_wpcf7\" value=\"102\" \/>\n<input type=\"hidden\" name=\"_wpcf7_version\" value=\"5.8.4\" \/>\n<input type=\"hidden\" name=\"_wpcf7_locale\" value=\"es_ES\" \/>\n<input type=\"hidden\" name=\"_wpcf7_unit_tag\" value=\"wpcf7-f102-o1\" \/>\n<input type=\"hidden\" name=\"_wpcf7_container_post\" value=\"0\" \/>\n<input type=\"hidden\" name=\"_wpcf7_posted_data_hash\" value=\"\" \/>\n<input type=\"hidden\" name=\"_wpcf7_recaptcha_response\" value=\"\" \/>\n<\/div>\n<div class=\"twocol\">\n\t<p><span class=\"wpcf7-form-control-wrap\" data-name=\"nombre\"><input size=\"40\" class=\"wpcf7-form-control wpcf7-text wpcf7-validates-as-required\" aria-required=\"true\" aria-invalid=\"false\" placeholder=\"Nombre\" value=\"\" type=\"text\" name=\"nombre\" \/><\/span>\n\t<\/p>\n\t<p><span class=\"wpcf7-form-control-wrap\" data-name=\"empresa\"><input size=\"40\" class=\"wpcf7-form-control wpcf7-text wpcf7-validates-as-required\" aria-required=\"true\" aria-invalid=\"false\" placeholder=\"Empresa\" value=\"\" type=\"text\" name=\"empresa\" \/><\/span>\n\t<\/p>\n\t<p><span class=\"wpcf7-form-control-wrap\" data-name=\"telefono\"><input size=\"40\" class=\"wpcf7-form-control wpcf7-text wpcf7-validates-as-required\" aria-required=\"true\" aria-invalid=\"false\" placeholder=\"Tel\u00e9fono\" value=\"\" type=\"text\" name=\"telefono\" \/><\/span>\n\t<\/p>\n\t<p><span class=\"wpcf7-form-control-wrap\" data-name=\"email\"><input size=\"40\" class=\"wpcf7-form-control wpcf7-email wpcf7-validates-as-required wpcf7-text wpcf7-validates-as-email\" aria-required=\"true\" aria-invalid=\"false\" placeholder=\"E-mail\" value=\"\" type=\"email\" name=\"email\" \/><\/span>\n\t<\/p>\n\t<p><span class=\"wpcf7-form-control-wrap\" data-name=\"comentarios\"><textarea cols=\"40\" rows=\"10\" class=\"wpcf7-form-control wpcf7-textarea\" aria-invalid=\"false\" placeholder=\"Comentarios\" name=\"comentarios\"><\/textarea><\/span>\n\t<\/p>\n<\/div>\n<div class=\"twocol last\">\n\t<p>FREIXA BOFILL TESEM, S.L. como responsable del tratamiento tratar\u00e1 tus datos con la finalidad de dar respuesta a tu consulta o petici\u00f3n. Puedes acceder, rectificar y suprimir tus datos, as\u00ed como ejercer otros derechos consultando la informaci\u00f3n adicional y detallada sobre protecci\u00f3n de datos en nuestra Pol\u00edtica de Privacidad.\n\t<\/p>\n\t<p><span class=\"wpcf7-form-control-wrap\" data-name=\"lopd\"><span class=\"wpcf7-form-control wpcf7-acceptance\"><span class=\"wpcf7-list-item\"><label><input type=\"checkbox\" name=\"lopd\" value=\"1\" aria-invalid=\"false\" \/><span class=\"wpcf7-list-item-label\">He le\u00eddo y acepto las condiciones contenidas en la <a href=\"http:\/\/fbtplastics.com\/es\/politica-de-privacidad\/\">pol\u00edtica de privacidad<\/a> sobre el tratamiento de mis datos para gestionar mi consulta o petici\u00f3n.<\/span><\/label><\/span><\/span><\/span>\n\t<\/p>\n\t<p>Nos gustar\u00eda que nos prestaras tu consentimiento para:\n\t<\/p>\n\t<p><span class=\"wpcf7-form-control-wrap\" data-name=\"newsletter\"><span class=\"wpcf7-form-control wpcf7-acceptance optional\"><span class=\"wpcf7-list-item\"><label><input type=\"checkbox\" name=\"newsletter\" value=\"1\" aria-invalid=\"false\" \/><span class=\"wpcf7-list-item-label\">Enviarte informaci\u00f3n comercial sobre los productos, servicios, novedades de FREIXA BOFILL TESEM, S.L.<\/span><\/label><\/span><\/span><\/span>\n\t<\/p>\n\t<p><input class=\"wpcf7-form-control wpcf7-submit has-spinner\" type=\"submit\" value=\"Enviar\" \/>\n\t<\/p>\n<\/div><div class=\"wpcf7-response-output\" aria-hidden=\"true\"><\/div>\n<\/form>\n<\/div>\n[\/vc_column][\/vc_row][vc_row full_width=\u00bbstretch_row\u00bb css=\u00bb.vc_custom_1631617541064{margin-top: 30px !important;border-top-width: 1px !important;border-top-color: #76787e !important;border-top-style: solid !important;}\u00bb][vc_column width=\u00bb1\/3&#8243;][vc_custom_heading text=\u00bbProyecto 1 de optimizaci\u00f3n<br \/>\ndel consumo energ\u00e9tico\u00bb font_container=\u00bbtag:h3|text_align:center\u00bb use_theme_fonts=\u00bbyes\u00bb link=\u00bburl:http%3A%2F%2Ffbtplastics.com%2Fes%2Fproyecto-de-optimizacion-del-consumo-energetico%2F|title:Proyecto%20de%20optimizaci%C3%B3n%20del%20consumo%20energ%C3%A9tico||\u00bb css=\u00bb.vc_custom_1702453626767{margin-top: 30px !important;margin-bottom: 30px !important;}\u00bb][\/vc_column][vc_column width=\u00bb1\/3&#8243;][vc_custom_heading text=\u00bbProyecto 2 de optimizaci\u00f3n<br \/>\ndel consumo energ\u00e9tico\u00bb font_container=\u00bbtag:h3|text_align:center\u00bb use_theme_fonts=\u00bbyes\u00bb link=\u00bburl:https%3A%2F%2Ffbtplastics.com%2Fes%2Fproyecto-de-optimizacion-del-consumo-energetico-2%2F|title:Proyecto%20de%20optimizaci%C3%B3n%20del%20consumo%20energ%C3%A9tico\u00bb css=\u00bb.vc_custom_1702453637032{margin-top: 30px !important;margin-bottom: 30px !important;}\u00bb][\/vc_column][vc_column width=\u00bb1\/3&#8243;][vc_custom_heading text=\u00bbProyecto 3 de optimizaci\u00f3n<br \/>\ndel consumo energ\u00e9tico\u00bb font_container=\u00bbtag:h3|text_align:center\u00bb use_theme_fonts=\u00bbyes\u00bb link=\u00bburl:https%3A%2F%2Ffbtplastics.com%2Fes%2Fproyecto-de-optimizacion-del-consumo-energetico-3%2F|title:Proyecto%20de%20optimizaci%C3%B3n%20del%20consumo%20energ%C3%A9tico\u00bb css=\u00bb.vc_custom_1751539271561{margin-top: 30px !important;margin-bottom: 30px !important;}\u00bb][\/vc_column][\/vc_row][vc_row][vc_column][vc_single_image image=\u00bb692&#8243; img_size=\u00bbfull\u00bb alignment=\u00bbcenter\u00bb onclick=\u00bbcustom_link\u00bb css=\u00bb.vc_custom_1702453540222{margin-bottom: 0px !important;}\u00bb][\/vc_column][\/vc_row]<\/p>\n<\/div>","protected":false},"excerpt":{"rendered":"<p>[vc_row full_width=\u00bbstretch_row_content_no_spaces\u00bb el_class=\u00bbcarrusel\u00bb][vc_column css=\u00bb.vc_custom_1546961378160{padding-right: 0px !important;padding-left: 0px !important;}\u00bb][vc_images_carousel images=\u00bb225,229,233&#8243; img_size=\u00bbfull\u00bb onclick=\u00bblink_no\u00bb autoplay=\u00bbyes\u00bb hide_prev_next_buttons=\u00bbyes\u00bb wrap=\u00bbyes\u00bb title=\u00bbAlcanzando nuevos retos en inyecci\u00f3n de pl\u00e1sticos\u00bb css=\u00bb.vc_custom_1689674444836{margin-bottom: 0px !important;}\u00bb][\/vc_column][\/vc_row][vc_row full_width=\u00bbstretch_row_content\u00bb equal_height=\u00bbyes\u00bb content_placement=\u00bbmiddle\u00bb el_class=\u00bbreverse\u00bb][vc_column width=\u00bb1\/2&#8243; css=\u00bb.vc_custom_1550049395958{background-image: url(http:\/\/fbtplastics.com\/wp\/wp-content\/uploads\/2019\/02\/home-empresa.jpg?id=242) !important;background-position: center !important;background-repeat: no-repeat !important;background-size: cover !important;}\u00bb el_class=\u00bbhome-boxes\u00bb][\/vc_column][vc_column width=\u00bb1\/2&#8243; css=\u00bb.vc_custom_1546960676081{background-color: #393b41 !important;}\u00bb][vc_column_text el_class=\u00bbdestacats\u00bb css=\u00bb.vc_custom_1552652804816{padding-right: 15% !important;padding-left: 15% !important;}\u00bb] Empresa La experiencia de nuestro equipo [&hellip;]<\/p>\n","protected":false},"author":1,"featured_media":0,"parent":0,"menu_order":0,"comment_status":"closed","ping_status":"closed","template":"","meta":{"footnotes":""},"_links":{"self":[{"href":"https:\/\/fbtplastics.com\/es\/wp-json\/wp\/v2\/pages\/398"}],"collection":[{"href":"https:\/\/fbtplastics.com\/es\/wp-json\/wp\/v2\/pages"}],"about":[{"href":"https:\/\/fbtplastics.com\/es\/wp-json\/wp\/v2\/types\/page"}],"author":[{"embeddable":true,"href":"https:\/\/fbtplastics.com\/es\/wp-json\/wp\/v2\/users\/1"}],"replies":[{"embeddable":true,"href":"https:\/\/fbtplastics.com\/es\/wp-json\/wp\/v2\/comments?post=398"}],"version-history":[{"count":13,"href":"https:\/\/fbtplastics.com\/es\/wp-json\/wp\/v2\/pages\/398\/revisions"}],"predecessor-version":[{"id":772,"href":"https:\/\/fbtplastics.com\/es\/wp-json\/wp\/v2\/pages\/398\/revisions\/772"}],"wp:attachment":[{"href":"https:\/\/fbtplastics.com\/es\/wp-json\/wp\/v2\/media?parent=398"}],"curies":[{"name":"wp","href":"https:\/\/api.w.org\/{rel}","templated":true}]}}