{"id":401,"date":"2019-03-14T17:30:39","date_gmt":"2019-03-14T16:30:39","guid":{"rendered":"http:\/\/fbtplastics.com\/wp\/empresa\/"},"modified":"2025-02-20T15:00:34","modified_gmt":"2025-02-20T14:00:34","slug":"empresa","status":"publish","type":"page","link":"https:\/\/fbtplastics.com\/es\/empresa\/","title":{"rendered":"Empresa"},"content":{"rendered":"<div class=\"wpb-content-wrapper\"><p>[vc_row full_width=\u00bbstretch_row_content_no_spaces\u00bb css_animation=\u00bbnone\u00bb css=\u00bb.vc_custom_1550070994688{background-image: url(http:\/\/fbtplastics.com\/wp\/wp-content\/uploads\/2019\/02\/company-header2-1.jpg?id=193) !important;background-position: center !important;background-repeat: no-repeat !important;background-size: cover !important;}\u00bb el_class=\u00bbcapcalera\u00bb][vc_column css=\u00bb.vc_custom_1549987379879{padding-top: 0px !important;}\u00bb][\/vc_column][\/vc_row][vc_row full_width=\u00bbstretch_row\u00bb css=\u00bb.vc_custom_1549988877769{background-image: url(http:\/\/fbtplastics.com\/wp\/wp-content\/uploads\/2019\/02\/fbt-dots.png?id=213) !important;}\u00bb][vc_column width=\u00bb1\/6&#8243;][\/vc_column][vc_column width=\u00bb4\/6&#8243;][vc_column_text el_class=\u00bbsubtitol\u00bb]<\/p>\n<h3 style=\"text-align: center;\"><span style=\"color: #e12424;\">Nuestra empresa<\/span><\/h3>\n<p>[\/vc_column_text][\/vc_column][vc_column width=\u00bb1\/6&#8243;][\/vc_column][\/vc_row][vc_row el_class=\u00bbreverse\u00bb][vc_column offset=\u00bbvc_col-lg-6&#8243;][vc_single_image image=\u00bb143&#8243; img_size=\u00bbfull\u00bb css=\u00bb.vc_custom_1547032219170{margin-bottom: 0px !important;}\u00bb][\/vc_column][vc_column offset=\u00bbvc_col-lg-5&#8243;][vc_column_text css_animation=\u00bbright-to-left\u00bb]<\/p>\n<h3>Calidad en inyecci\u00f3n de pl\u00e1sticos desde 1962<br \/>\n&#8211;<\/h3>\n<p>FBT tiene sus or\u00edgenes en un taller familiar dedicado a la fabricaci\u00f3n de piezas de pl\u00e1stico para la industria local. A principios de los a\u00f1os noventa, la empresa se ubica en Sant Vicen\u00e7 de Torell\u00f3 con unas instalaciones de 1.800 m<sup>2<\/sup>. A partir de 2006, con la incorporaci\u00f3n de Tesem en la sociedad, empieza un proceso de crecimiento en ventas. En 2012 se adquieren las actuales instalaciones (3.000 m<sup>2<\/sup>) en el P.I. Matabosch de Torell\u00f3, que permiten realizar un salto tecnol\u00f3gico y en capacidad de maquinaria para afrontar nuevos retos.[\/vc_column_text][\/vc_column][vc_column css=\u00bb.vc_custom_1553186148641{padding-top: 0px !important;}\u00bb offset=\u00bbvc_col-lg-1&#8243;][\/vc_column][\/vc_row][vc_row full_width=\u00bbstretch_row\u00bb css=\u00bb.vc_custom_1547032027248{background-color: #c9c9cb !important;}\u00bb][vc_column][vc_row_inner css=\u00bb.vc_custom_1550070199344{margin-top: 65px !important;margin-bottom: 50px !important;}\u00bb][vc_column_inner width=\u00bb1\/6&#8243; css=\u00bb.vc_custom_1550069892483{padding-top: 0px !important;}\u00bb][\/vc_column_inner][vc_column_inner width=\u00bb4\/6&#8243;][vc_column_text css_animation=\u00bbtop-to-bottom\u00bb]<\/p>\n<h3>Capacidad unida a flexibilidad<br \/>\n&#8211;<\/h3>\n<p>Contamos con una planta de inyecci\u00f3n robotizada, con veinticuatro m\u00e1quinas de hasta 300 T y con una capacidad de producci\u00f3n de ciento cincuenta millones de piezas anuales. Podemos personalizar cada producto con diferentes postprocesos, como acabados especiales, insertos\u00a0o manipulados, que integramos dentro del proceso de producci\u00f3n manteniendo el mismo nivel de calidad en todos los puntos.[\/vc_column_text][\/vc_column_inner][vc_column_inner width=\u00bb1\/6&#8243; css=\u00bb.vc_custom_1550069898155{padding-top: 0px !important;}\u00bb][\/vc_column_inner][\/vc_row_inner][\/vc_column][\/vc_row][vc_row full_width=\u00bbstretch_row_content_no_spaces\u00bb parallax=\u00bbcontent-moving\u00bb parallax_image=\u00bb205&#8243; parallax_speed_bg=\u00bb2&#8243; css=\u00bb.vc_custom_1550058056837{padding-top: 50% !important;background-position: center;background-repeat: no-repeat !important;background-size: cover !important;}\u00bb el_id=\u00bbparallax\u00bb][vc_column css=\u00bb.vc_custom_1549987379879{padding-top: 0px !important;}\u00bb][\/vc_column][\/vc_row][vc_row css=\u00bb.vc_custom_1550069976091{margin-top: 65px !important;}\u00bb el_class=\u00bbreverse\u00bb][vc_column offset=\u00bbvc_col-lg-7&#8243;][vc_single_image image=\u00bb711&#8243; img_size=\u00bbfull\u00bb css=\u00bb.vc_custom_1668001813608{margin-bottom: 0px !important;}\u00bb][\/vc_column][vc_column offset=\u00bbvc_col-lg-4&#8243;][vc_column_text css_animation=\u00bbright-to-left\u00bb]<\/p>\n<h3>Cleanroom<br \/>\n&#8211;<\/h3>\n<p>Gracias a nuestra tecnificaci\u00f3n y competitividad, somos capaces de servir industrias del sector m\u00e9dico, farmac\u00e9utico y veterinario.<br \/>\nTodos los productos son fabricados en sala blanca ISO-8 (ISO 14644.1).[\/vc_column_text][\/vc_column][vc_column css=\u00bb.vc_custom_1553185962450{padding-top: 0px !important;}\u00bb offset=\u00bbvc_col-lg-1&#8243;][\/vc_column][\/vc_row][vc_row full_width=\u00bbstretch_row\u00bb css=\u00bb.vc_custom_1547032027248{background-color: #c9c9cb !important;}\u00bb][vc_column][vc_row_inner css=\u00bb.vc_custom_1550070263399{margin-top: 65px !important;}\u00bb][vc_column_inner offset=\u00bbvc_col-lg-4&#8243;][vc_column_text css_animation=\u00bbleft-to-right\u00bb]<\/p>\n<h3 style=\"text-align: right;\">Investigaci\u00f3n y desarrollo<br \/>\n&#8211;<\/h3>\n<p style=\"text-align: right;\">Disponemos de un departamento de I+D encargado de desarrollar nuevas ideas y mejorar procesos. Esta investigaci\u00f3n nos permite ofrecer soluciones innovadoras a nuestros clientes y aportar valor al producto final.<\/p>\n<p>[\/vc_column_text][\/vc_column_inner][vc_column_inner offset=\u00bbvc_col-lg-5&#8243;][vc_single_image image=\u00bb162&#8243; img_size=\u00bbfull\u00bb css=\u00bb.vc_custom_1547043292227{margin-bottom: 0px !important;}\u00bb][\/vc_column_inner][vc_column_inner css=\u00bb.vc_custom_1553186084243{padding-top: 0px !important;}\u00bb offset=\u00bbvc_col-lg-3&#8243;][\/vc_column_inner][\/vc_row_inner][\/vc_column][\/vc_row][vc_row css=\u00bb.vc_custom_1550069976091{margin-top: 65px !important;}\u00bb el_class=\u00bbreverse\u00bb][vc_column offset=\u00bbvc_col-lg-7&#8243;][vc_single_image image=\u00bb172&#8243; img_size=\u00bbfull\u00bb][\/vc_column][vc_column offset=\u00bbvc_col-lg-4&#8243;][vc_column_text css_animation=\u00bbright-to-left\u00bb]<\/p>\n<h3>Calidad y certificaciones<br \/>\n&#8211;<\/h3>\n<p>Un buen m\u00e9todo de trabajo unido a un exigente control de calidad nos permite garantizar que las piezas inyectadas cumplir\u00e1n con los niveles exigidos por cada producto.<\/p>\n<p>Somos conscientes de la importancia de trasladar esta auto exigencia a todos los \u00e1mbitos de la empresa y a la relaci\u00f3n con nuestros clientes y proveedores, es por este motivo que disponemos de los siguientes certificados:<\/p>\n<p><img loading=\"lazy\" decoding=\"async\" class=\"alignleft size-full wp-image-494\" style=\"margin-bottom: 14px;\" src=\"http:\/\/fbtplastics.com\/wp\/wp-content\/uploads\/2019\/07\/ISO_9001_RGB.png\" alt=\"\" width=\"100\" height=\"175\" srcset=\"https:\/\/fbtplastics.com\/wp\/wp-content\/uploads\/2019\/07\/ISO_9001_RGB.png 200w, https:\/\/fbtplastics.com\/wp\/wp-content\/uploads\/2019\/07\/ISO_9001_RGB-171x300.png 171w\" sizes=\"(max-width: 100px) 100vw, 100px\" \/><img loading=\"lazy\" decoding=\"async\" class=\"alignleft size-medium wp-image-498\" style=\"margin-bottom: 14px;\" src=\"http:\/\/fbtplastics.com\/wp\/wp-content\/uploads\/2019\/07\/ISO_14001_RGB.png\" alt=\"\" width=\"100\" height=\"175\" srcset=\"https:\/\/fbtplastics.com\/wp\/wp-content\/uploads\/2019\/07\/ISO_14001_RGB.png 200w, https:\/\/fbtplastics.com\/wp\/wp-content\/uploads\/2019\/07\/ISO_14001_RGB-171x300.png 171w\" sizes=\"(max-width: 100px) 100vw, 100px\" \/><img loading=\"lazy\" decoding=\"async\" class=\"alignnone size-medium wp-image-502\" style=\"margin-bottom: 14px;\" src=\"http:\/\/fbtplastics.com\/wp\/wp-content\/uploads\/2019\/07\/ISO_45001_RGB.png\" alt=\"\" width=\"100\" height=\"175\" srcset=\"https:\/\/fbtplastics.com\/wp\/wp-content\/uploads\/2019\/07\/ISO_45001_RGB.png 200w, https:\/\/fbtplastics.com\/wp\/wp-content\/uploads\/2019\/07\/ISO_45001_RGB-171x300.png 171w\" sizes=\"(max-width: 100px) 100vw, 100px\" \/><img loading=\"lazy\" decoding=\"async\" class=\"alignleft wp-image-746 size-full\" style=\"margin-bottom: 14px;\" src=\"https:\/\/fbtplastics.com\/wp\/wp-content\/uploads\/2025\/02\/ISO_13485_RGB.png\" alt=\"\" width=\"100\" height=\"175\" srcset=\"https:\/\/fbtplastics.com\/wp\/wp-content\/uploads\/2025\/02\/ISO_13485_RGB.png 200w, https:\/\/fbtplastics.com\/wp\/wp-content\/uploads\/2025\/02\/ISO_13485_RGB-171x300.png 171w\" sizes=\"(max-width: 100px) 100vw, 100px\" \/>[\/vc_column_text][vc_separator color=\u00bbwhite\u00bb][vc_column_text css_animation=\u00bbright-to-left\u00bb]<i class=\"fas fa-file-pdf\"><\/i> \u00a0<a href=\"http:\/\/fbtplastics.com\/wp\/wp-content\/uploads\/2019\/03\/fbt-politica-de-calidad.pdf\" target=\"_blank\" rel=\"noopener\">Documento de pol\u00edtica de calidad, seguridad y medio ambiente<\/a>[\/vc_column_text][\/vc_column][vc_column css=\u00bb.vc_custom_1553185962450{padding-top: 0px !important;}\u00bb offset=\u00bbvc_col-lg-1&#8243;][\/vc_column][\/vc_row]<\/p>\n<\/div>","protected":false},"excerpt":{"rendered":"<p>[vc_row full_width=\u00bbstretch_row_content_no_spaces\u00bb css_animation=\u00bbnone\u00bb css=\u00bb.vc_custom_1550070994688{background-image: url(http:\/\/fbtplastics.com\/wp\/wp-content\/uploads\/2019\/02\/company-header2-1.jpg?id=193) !important;background-position: center !important;background-repeat: no-repeat !important;background-size: cover !important;}\u00bb el_class=\u00bbcapcalera\u00bb][vc_column css=\u00bb.vc_custom_1549987379879{padding-top: 0px !important;}\u00bb][\/vc_column][\/vc_row][vc_row full_width=\u00bbstretch_row\u00bb css=\u00bb.vc_custom_1549988877769{background-image: url(http:\/\/fbtplastics.com\/wp\/wp-content\/uploads\/2019\/02\/fbt-dots.png?id=213) !important;}\u00bb][vc_column width=\u00bb1\/6&#8243;][\/vc_column][vc_column width=\u00bb4\/6&#8243;][vc_column_text el_class=\u00bbsubtitol\u00bb] Nuestra empresa [\/vc_column_text][\/vc_column][vc_column width=\u00bb1\/6&#8243;][\/vc_column][\/vc_row][vc_row el_class=\u00bbreverse\u00bb][vc_column offset=\u00bbvc_col-lg-6&#8243;][vc_single_image image=\u00bb143&#8243; img_size=\u00bbfull\u00bb css=\u00bb.vc_custom_1547032219170{margin-bottom: 0px !important;}\u00bb][\/vc_column][vc_column offset=\u00bbvc_col-lg-5&#8243;][vc_column_text css_animation=\u00bbright-to-left\u00bb] Calidad en inyecci\u00f3n de pl\u00e1sticos desde 1962 &#8211; FBT tiene sus or\u00edgenes en un taller familiar dedicado a la [&hellip;]<\/p>\n","protected":false},"author":1,"featured_media":0,"parent":0,"menu_order":0,"comment_status":"closed","ping_status":"closed","template":"","meta":{"footnotes":""},"_links":{"self":[{"href":"https:\/\/fbtplastics.com\/es\/wp-json\/wp\/v2\/pages\/401"}],"collection":[{"href":"https:\/\/fbtplastics.com\/es\/wp-json\/wp\/v2\/pages"}],"about":[{"href":"https:\/\/fbtplastics.com\/es\/wp-json\/wp\/v2\/types\/page"}],"author":[{"embeddable":true,"href":"https:\/\/fbtplastics.com\/es\/wp-json\/wp\/v2\/users\/1"}],"replies":[{"embeddable":true,"href":"https:\/\/fbtplastics.com\/es\/wp-json\/wp\/v2\/comments?post=401"}],"version-history":[{"count":15,"href":"https:\/\/fbtplastics.com\/es\/wp-json\/wp\/v2\/pages\/401\/revisions"}],"predecessor-version":[{"id":754,"href":"https:\/\/fbtplastics.com\/es\/wp-json\/wp\/v2\/pages\/401\/revisions\/754"}],"wp:attachment":[{"href":"https:\/\/fbtplastics.com\/es\/wp-json\/wp\/v2\/media?parent=401"}],"curies":[{"name":"wp","href":"https:\/\/api.w.org\/{rel}","templated":true}]}}