{"id":404,"date":"2019-03-14T17:38:22","date_gmt":"2019-03-14T16:38:22","guid":{"rendered":"http:\/\/fbtplastics.com\/wp\/servicios\/"},"modified":"2026-02-20T17:05:52","modified_gmt":"2026-02-20T16:05:52","slug":"servicios","status":"publish","type":"page","link":"https:\/\/fbtplastics.com\/es\/servicios\/","title":{"rendered":"Servicios"},"content":{"rendered":"<div class=\"wpb-content-wrapper\"><p>[vc_row full_width=\u00bbstretch_row_content_no_spaces\u00bb css_animation=\u00bbnone\u00bb css=\u00bb.vc_custom_1550070826111{background-image: url(http:\/\/fbtplastics.com\/wp\/wp-content\/uploads\/2019\/02\/services-header2.jpg?id=302) !important;background-position: center !important;background-repeat: no-repeat !important;background-size: cover !important;}\u00bb el_class=\u00bbcapcalera\u00bb][vc_column css=\u00bb.vc_custom_1549987379879{padding-top: 0px !important;}\u00bb][\/vc_column][\/vc_row][vc_row full_width=\u00bbstretch_row\u00bb css=\u00bb.vc_custom_1549988877769{background-image: url(http:\/\/fbtplastics.com\/wp\/wp-content\/uploads\/2019\/02\/fbt-dots.png?id=213) !important;}\u00bb][vc_column width=\u00bb1\/6&#8243;][\/vc_column][vc_column width=\u00bb4\/6&#8243;][vc_column_text el_class=\u00bbsubtitol\u00bb]<\/p>\n<h3 style=\"text-align: center;\"><span style=\"color: #e12424;\">Servicios<\/span><\/h3>\n<p style=\"text-align: center;\">Realizamos el desarrollo integral del proyecto, desde el estudio de viabilidad inicial hasta la integraci\u00f3n de los postprocesos de producci\u00f3n.<\/p>\n<p>[\/vc_column_text][\/vc_column][vc_column width=\u00bb1\/6&#8243;][\/vc_column][\/vc_row][vc_row][vc_column css=\u00bb.vc_custom_1553186222443{padding-top: 0px !important;}\u00bb offset=\u00bbvc_col-lg-1&#8243;][\/vc_column][vc_column offset=\u00bbvc_col-lg-5&#8243;][vc_column_text css_animation=\u00bbleft-to-right\u00bb]<\/p>\n<h3 style=\"text-align: right;\">Estudio de viabilidad y dise\u00f1o de piezas<br \/>\n&#8211;<\/h3>\n<p style=\"text-align: right;\">La fase previa de dise\u00f1o y desarrollo del proyecto es clave para obtener los mejores resultados posibles, y es por este motivo que nuestro equipo t\u00e9cnico tiene una actitud proactiva y busca las mejores opciones t\u00e9cnicas y de optimizaci\u00f3n de procesos conjuntamente con el cliente.<\/p>\n<p>[\/vc_column_text][\/vc_column][vc_column offset=\u00bbvc_col-lg-6&#8243;][vc_single_image image=\u00bb260&#8243; img_size=\u00bbfull\u00bb css=\u00bb.vc_custom_1550057216026{margin-bottom: 0px !important;}\u00bb][\/vc_column][\/vc_row][vc_row full_width=\u00bbstretch_row\u00bb css=\u00bb.vc_custom_1547032027248{background-color: #c9c9cb !important;}\u00bb][vc_column][vc_row_inner css=\u00bb.vc_custom_1550069747160{margin-top: 65px !important;}\u00bb el_class=\u00bbreverse\u00bb][vc_column_inner offset=\u00bbvc_col-lg-6&#8243;][vc_single_image image=\u00bb264&#8243; img_size=\u00bbfull\u00bb css=\u00bb.vc_custom_1550057228160{margin-bottom: 0px !important;}\u00bb][\/vc_column_inner][vc_column_inner offset=\u00bbvc_col-lg-5&#8243;][vc_column_text css_animation=\u00bbright-to-left\u00bb]<\/p>\n<h3>Prototipado r\u00e1pido en 3D<br \/>\n&#8211;<\/h3>\n<p>Disponemos del personal t\u00e9cnico y de los equipos m\u00e1s avanzados en prototipado r\u00e1pido 3D, lo que nos permite acelerar el proceso de validaci\u00f3n previo a la fabricaci\u00f3n del molde y garantizar un resultado \u00f3ptimo en la producci\u00f3n final.[\/vc_column_text][\/vc_column_inner][vc_column_inner css=\u00bb.vc_custom_1553186274956{padding-top: 0px !important;}\u00bb offset=\u00bbvc_col-lg-1&#8243;][\/vc_column_inner][\/vc_row_inner][\/vc_column][\/vc_row][vc_row][vc_column][vc_column_text css_animation=\u00bbtop-to-bottom\u00bb css=\u00bb.vc_custom_1552581216996{padding-top: 100px !important;padding-bottom: 100px !important;}\u00bb]<\/p>\n<h3>Fabricaci\u00f3n, validaci\u00f3n y mantenimiento preventivo de moldes<br \/>\n&#8211;<\/h3>\n<p>Los moldes son un punto clave dentro del proceso de fabricaci\u00f3n, por lo que aplicamos sistem\u00e1ticamente un protocolo especializado en la validaci\u00f3n y el mantenimiento preventivo. Contamos con equipo de limpieza por ultrasonidos, que nos permite optimizar su rendimiento y su vida \u00fatil.[\/vc_column_text][\/vc_column][\/vc_row][vc_row full_width=\u00bbstretch_row_content_no_spaces\u00bb parallax=\u00bbcontent-moving\u00bb parallax_image=\u00bb280&#8243; parallax_speed_bg=\u00bb2&#8243; css=\u00bb.vc_custom_1550058030799{padding-top: 50% !important;background-position: center;background-repeat: no-repeat !important;background-size: cover !important;}\u00bb el_id=\u00bbparallax\u00bb][vc_column css=\u00bb.vc_custom_1549987379879{padding-top: 0px !important;}\u00bb][\/vc_column][\/vc_row][vc_row css=\u00bb.vc_custom_1550069709582{margin-top: 65px !important;}\u00bb el_class=\u00bbreverse\u00bb][vc_column offset=\u00bbvc_col-lg-6&#8243;][vc_single_image image=\u00bb286&#8243; img_size=\u00bbfull\u00bb css=\u00bb.vc_custom_1550057855875{margin-bottom: 0px !important;}\u00bb][\/vc_column][vc_column offset=\u00bbvc_col-lg-5&#8243;][vc_column_text css_animation=\u00bbright-to-left\u00bb]<\/p>\n<h3>Automatizaciones con robots colaborativos<br \/>\n&#8211;<\/h3>\n<p>La integraci\u00f3n de robots colaborativos dentro del proceso productivo nos permite automatizar tareas complejas, como los controles de calidad con visi\u00f3n artificial y el ensamblaje de piezas compuestas.[\/vc_column_text][\/vc_column][vc_column css=\u00bb.vc_custom_1553186314182{padding-top: 0px !important;}\u00bb offset=\u00bbvc_col-lg-1&#8243;][\/vc_column][\/vc_row][vc_row full_width=\u00bbstretch_row\u00bb css=\u00bb.vc_custom_1547032027248{background-color: #c9c9cb !important;}\u00bb][vc_column][vc_row_inner css=\u00bb.vc_custom_1550069700297{margin-top: 65px !important;}\u00bb][vc_column_inner css=\u00bb.vc_custom_1553186326554{padding-top: 0px !important;}\u00bb offset=\u00bbvc_col-lg-1&#8243;][\/vc_column_inner][vc_column_inner offset=\u00bbvc_col-lg-5&#8243;][vc_column_text css_animation=\u00bbleft-to-right\u00bb]<\/p>\n<h3 style=\"text-align: right;\">Materiales complejos<br \/>\n&#8211;<\/h3>\n<p style=\"text-align: right;\">En FBT, adem\u00e1s de fabricar con materiales est\u00e1ndar (PP, PE, PA, POM\u2026), tambi\u00e9n tenemos una larga experiencia en inyecci\u00f3n de materiales m\u00e1s complejos, como PCTG\/PCTA\/SURLYN\u00a9\/ABS\/TPE y materiales biodegradables. Estos conocimientos son clave en el momento de desarrollar cada proyecto y aportar las soluciones m\u00e1s \u00f3ptimas.<\/p>\n<p>[\/vc_column_text][\/vc_column_inner][vc_column_inner offset=\u00bbvc_col-lg-6&#8243;][vc_single_image image=\u00bb272&#8243; img_size=\u00bbfull\u00bb css=\u00bb.vc_custom_1550057656377{margin-bottom: 0px !important;}\u00bb][\/vc_column_inner][\/vc_row_inner][\/vc_column][\/vc_row][vc_row css=\u00bb.vc_custom_1550069687403{margin-top: 65px !important;margin-bottom: 50px !important;}\u00bb el_class=\u00bbreverse\u00bb][vc_column offset=\u00bbvc_col-lg-6&#8243;][vc_single_image image=\u00bb779&#8243; img_size=\u00bbfull\u00bb css=\u00bb.vc_custom_1771603549885{margin-bottom: 0px !important;}\u00bb][\/vc_column][vc_column offset=\u00bbvc_col-lg-5&#8243;][vc_column_text css_animation=\u00bbright-to-left\u00bb]<\/p>\n<h3>Postprocesos y acabados<br \/>\n&#8211;<\/h3>\n<p>Podemos integrar diferentes tipos de acabados, postprocesos y montajes en el proceso productivo. Los procesos externos est\u00e1n supervisados de forma estricta por nuestro departamento de calidad.[\/vc_column_text][\/vc_column][vc_column css=\u00bb.vc_custom_1553186382874{padding-top: 0px !important;}\u00bb offset=\u00bbvc_col-lg-1&#8243;][\/vc_column][\/vc_row]<\/p>\n<\/div>","protected":false},"excerpt":{"rendered":"<p>[vc_row full_width=\u00bbstretch_row_content_no_spaces\u00bb css_animation=\u00bbnone\u00bb css=\u00bb.vc_custom_1550070826111{background-image: url(http:\/\/fbtplastics.com\/wp\/wp-content\/uploads\/2019\/02\/services-header2.jpg?id=302) !important;background-position: center !important;background-repeat: no-repeat !important;background-size: cover !important;}\u00bb el_class=\u00bbcapcalera\u00bb][vc_column css=\u00bb.vc_custom_1549987379879{padding-top: 0px !important;}\u00bb][\/vc_column][\/vc_row][vc_row full_width=\u00bbstretch_row\u00bb css=\u00bb.vc_custom_1549988877769{background-image: url(http:\/\/fbtplastics.com\/wp\/wp-content\/uploads\/2019\/02\/fbt-dots.png?id=213) !important;}\u00bb][vc_column width=\u00bb1\/6&#8243;][\/vc_column][vc_column width=\u00bb4\/6&#8243;][vc_column_text el_class=\u00bbsubtitol\u00bb] Servicios Realizamos el desarrollo integral del proyecto, desde el estudio de viabilidad inicial hasta la integraci\u00f3n de los postprocesos de producci\u00f3n. [\/vc_column_text][\/vc_column][vc_column width=\u00bb1\/6&#8243;][\/vc_column][\/vc_row][vc_row][vc_column css=\u00bb.vc_custom_1553186222443{padding-top: 0px !important;}\u00bb offset=\u00bbvc_col-lg-1&#8243;][\/vc_column][vc_column offset=\u00bbvc_col-lg-5&#8243;][vc_column_text css_animation=\u00bbleft-to-right\u00bb] Estudio de viabilidad [&hellip;]<\/p>\n","protected":false},"author":1,"featured_media":0,"parent":0,"menu_order":0,"comment_status":"closed","ping_status":"closed","template":"","meta":{"footnotes":""},"_links":{"self":[{"href":"https:\/\/fbtplastics.com\/es\/wp-json\/wp\/v2\/pages\/404"}],"collection":[{"href":"https:\/\/fbtplastics.com\/es\/wp-json\/wp\/v2\/pages"}],"about":[{"href":"https:\/\/fbtplastics.com\/es\/wp-json\/wp\/v2\/types\/page"}],"author":[{"embeddable":true,"href":"https:\/\/fbtplastics.com\/es\/wp-json\/wp\/v2\/users\/1"}],"replies":[{"embeddable":true,"href":"https:\/\/fbtplastics.com\/es\/wp-json\/wp\/v2\/comments?post=404"}],"version-history":[{"count":5,"href":"https:\/\/fbtplastics.com\/es\/wp-json\/wp\/v2\/pages\/404\/revisions"}],"predecessor-version":[{"id":783,"href":"https:\/\/fbtplastics.com\/es\/wp-json\/wp\/v2\/pages\/404\/revisions\/783"}],"wp:attachment":[{"href":"https:\/\/fbtplastics.com\/es\/wp-json\/wp\/v2\/media?parent=404"}],"curies":[{"name":"wp","href":"https:\/\/api.w.org\/{rel}","templated":true}]}}