{"id":665,"date":"2021-09-14T12:23:04","date_gmt":"2021-09-14T10:23:04","guid":{"rendered":"http:\/\/fbtplastics.com\/projecte-doptimitzacio-del-consum-energetic\/"},"modified":"2021-09-14T16:24:00","modified_gmt":"2021-09-14T14:24:00","slug":"proyecto-de-optimizacion-del-consumo-energetico","status":"publish","type":"page","link":"https:\/\/fbtplastics.com\/es\/proyecto-de-optimizacion-del-consumo-energetico\/","title":{"rendered":"Proyecto de optimizaci\u00f3n del consumo energ\u00e9tico"},"content":{"rendered":"<div class=\"wpb-content-wrapper\"><p>[vc_row css=\u00bb.vc_custom_1631614744865{margin-top: 100px !important;}\u00bb][vc_column width=\u00bb1\/6&#8243;][\/vc_column][vc_column width=\u00bb2\/3&#8243;][vc_column_text]<strong>PROYECTO DE OPTIMIZACI\u00d3N DEL CONSUMO ENERG\u00c9TICO DE LA PLANTA DE FREIXA BOFILL TESEM, S.L., EN TORELL\u00d3 MEDIANTE LA COMPRA DE UNA M\u00c1QUINA DE INYECCI\u00d3N DE PL\u00c1STICO ENGEL CON TECNOLOG\u00cdA DE OPTIMIZACI\u00d3N DE CONSUMOS ECODRIVE.<\/strong><\/p>\n<p>Con el objeto de optimizar y reducir el consumo energ\u00e9tico de la planta de FREIXA BOFILL TESEM, S.L., en Torell\u00f3 el proyecto ha consistido en la sustituci\u00f3n de una m\u00e1quina de inyecci\u00f3n de pl\u00e1stico, por una equivalente de \u00faltima generaci\u00f3n, que incorpora elementos que permiten reducir considerablemente el gasto energ\u00e9tico del proceso.<\/p>\n<p>A trav\u00e9s de este proyecto de mejora de la eficiencia energ\u00e9tica, se ha conseguido un ahorro de energ\u00eda el\u00e9ctrica de un 6,83 tep\/a\u00f1o, as\u00ed como, una reducci\u00f3n de las emisiones de 41,39t\/CO2.<\/p>\n<p>Este proyecto ha sido subvencionado por parte del \u201cPrograma de ayudas para actuaciones de eficiencia energ\u00e9tica en las PYME y grandes empresas del sector industria\u201d, cofinanciado por el Fondo Europeo de Desarrollo Regional (FEDER) y gestionado por el Instituto Catal\u00e1n de Energ\u00eda (ICAEN) con cargo al Fondo Nacional de Eficiencia Energ\u00e9tica.[\/vc_column_text][vc_single_image image=\u00bb658&#8243; img_size=\u00bbfull\u00bb][\/vc_column][vc_column width=\u00bb1\/6&#8243;][\/vc_column][\/vc_row]<\/p>\n<\/div>","protected":false},"excerpt":{"rendered":"<p>[vc_row css=\u00bb.vc_custom_1631614744865{margin-top: 100px !important;}\u00bb][vc_column width=\u00bb1\/6&#8243;][\/vc_column][vc_column width=\u00bb2\/3&#8243;][vc_column_text]PROYECTO DE OPTIMIZACI\u00d3N DEL CONSUMO ENERG\u00c9TICO DE LA PLANTA DE FREIXA BOFILL TESEM, S.L., EN TORELL\u00d3 MEDIANTE LA COMPRA DE UNA M\u00c1QUINA DE INYECCI\u00d3N DE PL\u00c1STICO ENGEL CON TECNOLOG\u00cdA DE OPTIMIZACI\u00d3N DE CONSUMOS ECODRIVE. Con el objeto de optimizar y reducir el consumo energ\u00e9tico de la planta de FREIXA BOFILL [&hellip;]<\/p>\n","protected":false},"author":1,"featured_media":0,"parent":0,"menu_order":0,"comment_status":"closed","ping_status":"closed","template":"","meta":{"footnotes":""},"_links":{"self":[{"href":"https:\/\/fbtplastics.com\/es\/wp-json\/wp\/v2\/pages\/665"}],"collection":[{"href":"https:\/\/fbtplastics.com\/es\/wp-json\/wp\/v2\/pages"}],"about":[{"href":"https:\/\/fbtplastics.com\/es\/wp-json\/wp\/v2\/types\/page"}],"author":[{"embeddable":true,"href":"https:\/\/fbtplastics.com\/es\/wp-json\/wp\/v2\/users\/1"}],"replies":[{"embeddable":true,"href":"https:\/\/fbtplastics.com\/es\/wp-json\/wp\/v2\/comments?post=665"}],"version-history":[{"count":2,"href":"https:\/\/fbtplastics.com\/es\/wp-json\/wp\/v2\/pages\/665\/revisions"}],"predecessor-version":[{"id":691,"href":"https:\/\/fbtplastics.com\/es\/wp-json\/wp\/v2\/pages\/665\/revisions\/691"}],"wp:attachment":[{"href":"https:\/\/fbtplastics.com\/es\/wp-json\/wp\/v2\/media?parent=665"}],"curies":[{"name":"wp","href":"https:\/\/api.w.org\/{rel}","templated":true}]}}