{"id":731,"date":"2023-12-13T08:40:02","date_gmt":"2023-12-13T07:40:02","guid":{"rendered":"https:\/\/fbtplastics.com\/?page_id=731"},"modified":"2023-12-13T08:40:23","modified_gmt":"2023-12-13T07:40:23","slug":"proyecto-de-optimizacion-del-consumo-energetico-2","status":"publish","type":"page","link":"https:\/\/fbtplastics.com\/es\/proyecto-de-optimizacion-del-consumo-energetico-2\/","title":{"rendered":"Proyecto de optimizaci\u00f3n del consumo energ\u00e9tico 2"},"content":{"rendered":"<div class=\"wpb-content-wrapper\"><p>[vc_row css=\u00bb.vc_custom_1631614744865{margin-top: 100px !important;}\u00bb][vc_column width=\u00bb1\/6&#8243;][\/vc_column][vc_column width=\u00bb2\/3&#8243;][vc_column_text]<strong>PROYECTO DE OPTIMIZACI\u00d3N DEL CONSUMO ENERG\u00c9TICO MEDIANTE LA IMPLANTACI\u00d3N DE DOS M\u00c1QUINAS DE INYECCI\u00d3N DE PL\u00c1STICO WITTMANN CON TECNOLOG\u00cdA ECOPOWER.<\/strong><\/p>\n<p>Con el objetivo de reducir el consumo energ\u00e9tico, se ha invertido en un nuevo sistema de m\u00e1quinas de inyecci\u00f3n totalmente el\u00e9ctricas en sustituci\u00f3n de inyectoras hidr\u00e1ulicas. Esta inversi\u00f3n ha permitido reducir sustancialmente el consumo energ\u00e9tico del proceso productivo.<\/p>\n<p>El ahorro energ\u00e9tico logrado ha sido de 31,65 tep\/a\u00f1o.<\/p>\n<p>Este proyecto ha sido subvencionado por el \u201cPrograma de ayudas para actuaciones de eficiencia energ\u00e9tica en PIME\u2019s i grandes empresas del sector industrial\u201d, cofinanciado por el Fondo Europeo de Desarrollo Regional (FEDER) y gestionado por el Instituto Catal\u00e1n de Energ\u00eda (ICAEN), con cargo al Fondo Nacional de Eficiencia Energ\u00e9tica.[\/vc_column_text][vc_single_image image=\u00bb737&#8243; img_size=\u00bbfull\u00bb][\/vc_column][vc_column width=\u00bb1\/6&#8243;][\/vc_column][\/vc_row]<\/p>\n<\/div>","protected":false},"excerpt":{"rendered":"<p>[vc_row css=\u00bb.vc_custom_1631614744865{margin-top: 100px !important;}\u00bb][vc_column width=\u00bb1\/6&#8243;][\/vc_column][vc_column width=\u00bb2\/3&#8243;][vc_column_text]PROYECTO DE OPTIMIZACI\u00d3N DEL CONSUMO ENERG\u00c9TICO MEDIANTE LA IMPLANTACI\u00d3N DE DOS M\u00c1QUINAS DE INYECCI\u00d3N DE PL\u00c1STICO WITTMANN CON TECNOLOG\u00cdA ECOPOWER. Con el objetivo de reducir el consumo energ\u00e9tico, se ha invertido en un nuevo sistema de m\u00e1quinas de inyecci\u00f3n totalmente el\u00e9ctricas en sustituci\u00f3n de inyectoras hidr\u00e1ulicas. Esta inversi\u00f3n ha permitido [&hellip;]<\/p>\n","protected":false},"author":1,"featured_media":0,"parent":0,"menu_order":0,"comment_status":"closed","ping_status":"closed","template":"","meta":{"footnotes":""},"_links":{"self":[{"href":"https:\/\/fbtplastics.com\/es\/wp-json\/wp\/v2\/pages\/731"}],"collection":[{"href":"https:\/\/fbtplastics.com\/es\/wp-json\/wp\/v2\/pages"}],"about":[{"href":"https:\/\/fbtplastics.com\/es\/wp-json\/wp\/v2\/types\/page"}],"author":[{"embeddable":true,"href":"https:\/\/fbtplastics.com\/es\/wp-json\/wp\/v2\/users\/1"}],"replies":[{"embeddable":true,"href":"https:\/\/fbtplastics.com\/es\/wp-json\/wp\/v2\/comments?post=731"}],"version-history":[{"count":2,"href":"https:\/\/fbtplastics.com\/es\/wp-json\/wp\/v2\/pages\/731\/revisions"}],"predecessor-version":[{"id":740,"href":"https:\/\/fbtplastics.com\/es\/wp-json\/wp\/v2\/pages\/731\/revisions\/740"}],"wp:attachment":[{"href":"https:\/\/fbtplastics.com\/es\/wp-json\/wp\/v2\/media?parent=731"}],"curies":[{"name":"wp","href":"https:\/\/api.w.org\/{rel}","templated":true}]}}