{"id":759,"date":"2025-07-03T12:09:43","date_gmt":"2025-07-03T10:09:43","guid":{"rendered":"https:\/\/fbtplastics.com\/?page_id=759"},"modified":"2025-07-03T12:43:08","modified_gmt":"2025-07-03T10:43:08","slug":"proyecto-de-optimizacion-del-consumo-energetico-3","status":"publish","type":"page","link":"https:\/\/fbtplastics.com\/es\/proyecto-de-optimizacion-del-consumo-energetico-3\/","title":{"rendered":"Proyecto de optimizaci\u00f3n del consumo energ\u00e9tico 3"},"content":{"rendered":"<div class=\"wpb-content-wrapper\"><p>[vc_row css=\u00bb.vc_custom_1631614744865{margin-top: 100px !important;}\u00bb][vc_column width=\u00bb1\/6&#8243;][\/vc_column][vc_column width=\u00bb2\/3&#8243;][vc_column_text]<\/p>\n<p class=\"p2\"><strong>PROYECTO DE OPTIMIZACI\u00d3N DEL CONSUMO ENERG\u00c9TICO DE LA PLANTA DE FREIXA BOFILL TESEM, S.L. EN TORELL\u00d3 MEDIANTE LA IMPLANTACI\u00d3N DE UNA M\u00c1QUINA DE INYECCI\u00d3N VICTORY.<\/strong><br \/>\n<strong>(N\u00ba Expediente ICA022\/21\/000696 )<\/strong><\/p>\n<p>El proyecto contempla la optimizaci\u00f3n del consumo energ\u00e9tico mediante la implantaci\u00f3n de una m\u00e1quina de inyecci\u00f3n Victory 1560\/400 Tech con tecnolog\u00eda servohidr\u00e1ulica ecodrive de Engel.<\/p>\n<p>A trav\u00e9s de este proyecto de optimizaci\u00f3n del consumo energ\u00e9tico, se ha conseguido un ahorro de energ\u00eda de 27,50 tep\/a\u00f1o, equivalente a m\u00e1s de 166,61 toneladas de CO2 al a\u00f1o.<\/p>\n<p>Este proyecto ha sido subvencionado por el \u201cPrograma de ayudas para actuaciones de eficiencia energ\u00e9tica en PYME&#8217;s y grandes empresas del sector industria\u201d, cofinanciado por el Fondo Europeo de Desarrollo Regional (FEDER) y gestionado por el Instituto Catal\u00e1n de Energ\u00eda (ICAEN), con cargo al Fondo Nacional de Eficiencia Energ\u00e9tica.[\/vc_column_text][vc_single_image image=\u00bb766&#8243; img_size=\u00bbfull\u00bb][\/vc_column][vc_column width=\u00bb1\/6&#8243;][\/vc_column][\/vc_row]<\/p>\n<\/div>","protected":false},"excerpt":{"rendered":"<p>[vc_row css=\u00bb.vc_custom_1631614744865{margin-top: 100px !important;}\u00bb][vc_column width=\u00bb1\/6&#8243;][\/vc_column][vc_column width=\u00bb2\/3&#8243;][vc_column_text] PROYECTO DE OPTIMIZACI\u00d3N DEL CONSUMO ENERG\u00c9TICO DE LA PLANTA DE FREIXA BOFILL TESEM, S.L. EN TORELL\u00d3 MEDIANTE LA IMPLANTACI\u00d3N DE UNA M\u00c1QUINA DE INYECCI\u00d3N VICTORY. (N\u00ba Expediente ICA022\/21\/000696 ) El proyecto contempla la optimizaci\u00f3n del consumo energ\u00e9tico mediante la implantaci\u00f3n de una m\u00e1quina de inyecci\u00f3n Victory 1560\/400 Tech con [&hellip;]<\/p>\n","protected":false},"author":1,"featured_media":0,"parent":0,"menu_order":0,"comment_status":"closed","ping_status":"closed","template":"","meta":{"footnotes":""},"_links":{"self":[{"href":"https:\/\/fbtplastics.com\/es\/wp-json\/wp\/v2\/pages\/759"}],"collection":[{"href":"https:\/\/fbtplastics.com\/es\/wp-json\/wp\/v2\/pages"}],"about":[{"href":"https:\/\/fbtplastics.com\/es\/wp-json\/wp\/v2\/types\/page"}],"author":[{"embeddable":true,"href":"https:\/\/fbtplastics.com\/es\/wp-json\/wp\/v2\/users\/1"}],"replies":[{"embeddable":true,"href":"https:\/\/fbtplastics.com\/es\/wp-json\/wp\/v2\/comments?post=759"}],"version-history":[{"count":5,"href":"https:\/\/fbtplastics.com\/es\/wp-json\/wp\/v2\/pages\/759\/revisions"}],"predecessor-version":[{"id":774,"href":"https:\/\/fbtplastics.com\/es\/wp-json\/wp\/v2\/pages\/759\/revisions\/774"}],"wp:attachment":[{"href":"https:\/\/fbtplastics.com\/es\/wp-json\/wp\/v2\/media?parent=759"}],"curies":[{"name":"wp","href":"https:\/\/api.w.org\/{rel}","templated":true}]}}