{"id":544,"date":"2019-03-14T16:16:56","date_gmt":"2019-03-14T15:16:56","guid":{"rendered":"http:\/\/fbtplastics.com\/politica-de-privacidad\/"},"modified":"2021-02-12T08:48:19","modified_gmt":"2021-02-12T07:48:19","slug":"politique-de-confidentialite","status":"publish","type":"page","link":"https:\/\/fbtplastics.com\/fr\/politique-de-confidentialite\/","title":{"rendered":"Politique de confidentialit\u00e9"},"content":{"rendered":"<div class=\"wpb-content-wrapper\"><p>[vc_row css=\u00a0\u00bb.vc_custom_1552575386562{margin-top: 100px !important;}\u00a0\u00bb][vc_column][vc_column_text]<\/p>\n<h1>Politique de confidentialit\u00e9<\/h1>\n<p>Responsable du traitement des donn\u00e9es<\/p>\n<p>L\u2019entreprise charg\u00e9e du traitement de vos donn\u00e9es selon cette politique de confidentialit\u00e9 est :<\/p>\n<p>FREIXA BOFILL TESEM, S.L.<br \/>\nNIF: B61169355<br \/>\nAdresse: P.I. Matabosch, Casarramona 61-65, 08570 Torell\u00f3, provincia de Barcelona<br \/>\nE-mail: info@fbtplastics.com<br \/>\nSite Web: fbtplastics.com<br \/>\nN\u00ba t\u00e9l.: 93 859 50 76<\/p>\n<p>Chez FREIXA BOFILL TESEM, S.L., nous reconnaissons l\u2019importance de la protection de vos informations personnelles et nous nous engageons \u00e0 les traiter de mani\u00e8re responsable et dans le respect des lois sur la protection des donn\u00e9es.<\/p>\n<p>Le but de cette politique de confidentialit\u00e9 est de r\u00e9glementer tous les aspects li\u00e9s au traitement des donn\u00e9es des diff\u00e9rents utilisateurs naviguant sur le site ou fournissant leurs donn\u00e9es personnelles sur les diff\u00e9rents formulaires qui s\u2019y trouvent.<\/p>\n<p>Donn\u00e9es personnelles<br \/>\nLes donn\u00e9es personnelles sont les informations qui vous identifient ou peuvent vous identifier. Sur le site Web, dans les cases pr\u00e9vues \u00e0 cet effet, sont collect\u00e9es les donn\u00e9es personnelles que l\u2019utilisateur nous fournit : nom de famille, pr\u00e9nom, e-mail, num\u00e9ro de t\u00e9l\u00e9phone, code postal, ville, etc. En outre, toutes les donn\u00e9es personnelles que l\u2019utilisateur nous fournit volontairement sont collect\u00e9es via l\u2019un des r\u00e9seaux sociaux sur lequel l\u2019utilisateur est enregistr\u00e9. Dans ce cas, les param\u00e8tres de confidentialit\u00e9 d\u00e9pendront \u00e0 la fois de la configuration d\u00e9finie par l\u2019utilisateur et des termes et conditions du r\u00e9seau social lui-m\u00eame.<\/p>\n<p>Lorsqu\u2019un utilisateur visite le site Web, cela ne signifie pas qu\u2019il doive fournir des informations sur ses donn\u00e9es personnelles. Toutefois, si ces informations sont fournies, les donn\u00e9es seront trait\u00e9es l\u00e9galement et soumises \u00e0 tout moment aux principes et droits contenus dans le RGPD 2016\/679 du 27 avril 2016 et la loi organique espagnole de protection des donn\u00e9es personnelles et de garantie des droits num\u00e9riques LOPDGDD 3\/2018 du 5 d\u00e9cembre.<\/p>\n<p>Objet, dur\u00e9e et l\u00e9gitimation du traitement:<br \/>\nNous traiterons les donn\u00e9es fournies par l\u2019utilisateur aux fins suivantes :<\/p>\n<p>Pour traiter la demande de l\u2019utilisateur ou sa requ\u00eate \u00e0 l\u2019aide du formulaire de contact disponible sur le site Web. Nous collectons et traitons les donn\u00e9es personnelles de l\u2019utilisateur afin de nous permettre de traiter et g\u00e9rer sa candidature, sa requ\u00eate ou toute requ\u00eate effectu\u00e9e \u00e0 l\u2019aide dudit formulaire. Nous conserverons ces donn\u00e9es pendant le temps n\u00e9cessaire pour r\u00e9pondre \u00e0 la demande et pendant le d\u00e9lai fix\u00e9 par la loi, avec une dur\u00e9e minimale de 3 ans.<\/p>\n<p>Le fondement de la l\u00e9gitimation du traitement des donn\u00e9es sera le consentement donn\u00e9 par l\u2019utilisateur lors de la validation de la case d\u2019acceptation de notre politique de confidentialit\u00e9 avant l\u2019envoi de la demande. L\u2019utilisateur a le droit de r\u00e9voquer son consentement \u00e0 tout moment, sans que cela affecte la lic\u00e9it\u00e9 du traitement sur la base du consentement donn\u00e9 avant son retrait.<\/p>\n<p>Pour am\u00e9liorer l\u2019exp\u00e9rience utilisateur lors de la navigation sur le site Web. Nous conserverons ces donn\u00e9es aussi longtemps que l\u2019utilisateur ne r\u00e9voquera pas son consentement \u00e0 leur traitement en supprimant les cookies, pendant la dur\u00e9e fix\u00e9e par la loi et pour une dur\u00e9e minimale de 3 ans.<\/p>\n<p>Le fondement l\u00e9gitime de l\u2019am\u00e9lioration de la navigation sur le site Web est le consentement donn\u00e9 par l\u2019utilisateur lors de l\u2019acceptation des cookies. L\u2019utilisateur a le droit de r\u00e9voquer son consentement \u00e0 tout moment, sans que cela affecte la lic\u00e9it\u00e9 du traitement sur la base du consentement donn\u00e9 avant son retrait.<\/p>\n<p>Pour g\u00e9rer nos r\u00e9seaux sociaux et envoyer aux utilisateurs des informations sur nos activit\u00e9s et nos produits. Nous conserverons ces donn\u00e9es aussi longtemps que l\u2019utilisateur ne r\u00e9voquera pas son consentement \u00e0 leur traitement pendant<\/p>\n<p>la dur\u00e9e fix\u00e9e par la loi et pour une dur\u00e9e minimale de 3 ans.<\/p>\n<p>La base l\u00e9gitime pour la gestion de nos r\u00e9seaux sociaux et l\u2019envoi \u00e0 nos utilisateurs de nos activit\u00e9s et de nos nouvelles fonctionnalit\u00e9s est le consentement que nous avons re\u00e7u. L\u2019utilisateur a le droit de r\u00e9voquer son consentement \u00e0 tout moment, sans que cela affecte la lic\u00e9it\u00e9 du traitement sur la base du consentement donn\u00e9 avant son retrait.<\/p>\n<p>Cession ou communication de donn\u00e9es \u00e0 caract\u00e8re personnel et transferts internationaux:<br \/>\nVos donn\u00e9es ne seront ni communiqu\u00e9es ni transf\u00e9r\u00e9es \u00e0 des tiers, sauf obligation l\u00e9gale, ni aux fournisseurs de services associ\u00e9s au Contr\u00f4leur, agissant en tant que responsables du traitement de donn\u00e9es.<\/p>\n<p>Les donn\u00e9es ne seront pas transf\u00e9r\u00e9es \u00e0 l\u2019international ; si cela est n\u00e9cessaire, l\u2019utilisateur en sera inform\u00e9 \u00e0 tout moment afin d\u2019obtenir son consentement.<\/p>\n<p>Mise \u00e0 jour des donn\u00e9es<br \/>\nAfin que nous puissions maintenir les donn\u00e9es personnelles \u00e0 jour, l\u2019utilisateur doit toujours nous informer de tout changement dans lesdites donn\u00e9es ; dans la cas contraire, nous ne pourrons \u00eatre tenus responsables de la v\u00e9racit\u00e9 des donn\u00e9es.<\/p>\n<p>L\u2019utilisateur garantit la v\u00e9racit\u00e9 des donn\u00e9es personnelles fournies et garantit que toutes les informations fournies correspondent \u00e0 la r\u00e9alit\u00e9, sont \u00e0 jour et exactes. Il\/elle est oblig\u00e9(e) de communiquer toute modification \u00e0 ce sujet.<\/p>\n<p>Donn\u00e9es de tiers<br \/>\nSi l\u2019utilisateur fournit des donn\u00e9es de tiers \u00e0 FREIXA BOFILL TESEM, S.L. \u00e0 quelque fin que ce soit, il garantit qu\u2019il\/elle a obtenu ces donn\u00e9es l\u00e9galement, a inform\u00e9 les parties concern\u00e9es \u00e0 l\u2019avance, a obtenu leur consentement \u00e0 les communiquer et que les informations fournies sont exactes et vraies.<\/p>\n<p>Caract\u00e8re obligatoire des informations demand\u00e9es<br \/>\nTous nos formulaires sont marqu\u00e9s d\u2019un ast\u00e9risque (*) pour indiquer les informations qui sont obligatoires. Si l\u2019utilisateur ne remplit pas ces champs ou ne coche pas la case Politique de confidentialit\u00e9, les informations ne seront pas envoy\u00e9es.<\/p>\n<p>Droits des personnes concern\u00e9es:<br \/>\nVous avez le droit d\u2019acc\u00e9der \u00e0 vos donn\u00e9es et d\u2019obtenir une confirmation de leur traitement, ainsi qu\u2019une copie des donn\u00e9es \u00e0 caract\u00e8re personnel trait\u00e9es. Vous avez le droit de les mettre \u00e0 jour et de demander que les donn\u00e9es inexactes soient corrig\u00e9es, ou de demander leur suppression si elles ne sont pas n\u00e9cessaires aux fins pour lesquelles elles ont \u00e9t\u00e9 collect\u00e9es. Vous pouvez demander une restriction dans le traitement de vos donn\u00e9es et vous opposer \u00e0 leur traitement en r\u00e9voquant votre consentement. Vous pouvez \u00e9galement exercer votre droit \u00e0 la transf\u00e9rabilit\u00e9 des donn\u00e9es. De m\u00eame, vous avez le droit de ne pas faire l\u2019objet de d\u00e9cisions reposant uniquement sur le traitement automatis\u00e9 de vos donn\u00e9es \u00e0 caract\u00e8re personnel. Vous pouvez exercer vos droits en nous contactant par voie postale : P.I. Matabosch, Casarramona 61-65, 08570 Torell\u00f3, provincia de Barcelona. Par e-mail : info@fbtplastics.com<\/p>\n<p>Si vous estimez que vos droits n\u2019ont pas \u00e9t\u00e9 d\u00fbment respect\u00e9s, vous avez le droit de porter plainte aupr\u00e8s de l\u2019Agence espagnole<br \/>\nde protection des donn\u00e9es www.aepd.es<\/p>\n<p>Traitement des donn\u00e9es des mineurs<br \/>\nToute personne fournissant des donn\u00e9es par le biais des formulaires pr\u00e9sents sur ce site Web et acceptant le traitement de tels \u00e9tats d\u00e9clare \u00eatre \u00e2g\u00e9 d\u2019au moins<br \/>\n14 ans. L\u2019acc\u00e8s au site Web et l\u2019utilisation de ce site Web sont interdits aux personnes de moins de 14 ans. Si, \u00e0 un moment quelconque, le responsable du traitement des donn\u00e9es d\u00e9tecte qu\u2019une personne de moins de 14 ans a fourni des donn\u00e9es personnelles, nous annulerons ces donn\u00e9es. En outre, les parents ou les tuteurs peuvent en tout \u00e9tat de cause \u00e9crire \u00e0 FREIXA BOFILL TESEM, S.L. bloquer tout compte d\u2019acc\u00e8s cr\u00e9\u00e9 par des mineurs \u00e0 leur charge qui se sont enregistr\u00e9s en falsifiant leur identit\u00e9.<\/p>\n<p>R\u00e9seaux sociaux<br \/>\nL\u2019objet d\u2019outils sociaux tels que Facebook, Twitter, Instagram, etc. ou d\u2019autres r\u00e9seaux sociaux est de donner une visibilit\u00e9 et une diffusion des activit\u00e9s qui se d\u00e9roulent dans notre organisation. Ces outils sociaux stockent des donn\u00e9es personnelles sur les serveurs des services correspondants et sont r\u00e9gis par leur propre politique de confidentialit\u00e9. Il est recommand\u00e9 de consulter et de lire les conditions d\u2019utilisation et la politique de confidentialit\u00e9 du r\u00e9seau social au moment de l\u2019enregistrement, en tenant compte les diff\u00e9rentes possibilit\u00e9s de configuration concernant la confidentialit\u00e9 du profil de l\u2019utilisateur dans le r\u00e9seau social. En outre, le Contr\u00f4leur se r\u00e9serve le droit d\u2019effacer de ses r\u00e9seaux sociaux toutes les informations publi\u00e9es par des tiers qui violent la l\u00e9galit\u00e9, les encouragent \u00e0 la violer ou contiennent des messages portant atteinte \u00e0 la dignit\u00e9 humaine ou aux institutions. De m\u00eame, le Contr\u00f4leur se r\u00e9serve le droit de bloquer ou de signaler le profil de l\u2019auteur pour un tel contenu.<\/p>\n<p>Cookies:<br \/>\nUn cookie est un petit fichier qui est t\u00e9l\u00e9charg\u00e9 et stock\u00e9 sur l\u2019ordinateur de l\u2019utilisateur lorsqu\u2019il acc\u00e8de \u00e0 un site Web. Les cookies permettent, entre autres, au site Web de stocker et de r\u00e9cup\u00e9rer des informations sur les habitudes de navigation de l\u2019utilisateur ou de son ordinateur. Selon les informations qu\u2019ils contiennent et la mani\u00e8re dont vous utilisez votre ordinateur, ils peuvent \u00eatre utilis\u00e9s pour reconnaissance de l\u2019utilisateur.<\/p>\n<p>L\u2019utilisateur a la possibilit\u00e9 d\u2019emp\u00eacher la g\u00e9n\u00e9ration de cookies en s\u00e9lectionnant l\u2019option correspondante dans son programme de navigation. Vous pouvez obtenir davantage d\u2019informations en consultant notre Politique de cookies.[\/vc_column_text][\/vc_column][\/vc_row]<\/p>\n<\/div>","protected":false},"excerpt":{"rendered":"<p>[vc_row css=\u00a0\u00bb.vc_custom_1552575386562{margin-top: 100px !important;}\u00a0\u00bb][vc_column][vc_column_text] Politique de confidentialit\u00e9 Responsable du traitement des donn\u00e9es L\u2019entreprise charg\u00e9e du traitement de vos donn\u00e9es selon cette politique de confidentialit\u00e9 est : FREIXA BOFILL TESEM, S.L. NIF: B61169355 Adresse: P.I. Matabosch, Casarramona 61-65, 08570 Torell\u00f3, provincia de Barcelona E-mail: info@fbtplastics.com Site Web: fbtplastics.com N\u00ba t\u00e9l.: 93 859 50 76 Chez FREIXA [&hellip;]<\/p>\n","protected":false},"author":1,"featured_media":0,"parent":0,"menu_order":0,"comment_status":"closed","ping_status":"closed","template":"","meta":{"footnotes":""},"_links":{"self":[{"href":"https:\/\/fbtplastics.com\/fr\/wp-json\/wp\/v2\/pages\/544"}],"collection":[{"href":"https:\/\/fbtplastics.com\/fr\/wp-json\/wp\/v2\/pages"}],"about":[{"href":"https:\/\/fbtplastics.com\/fr\/wp-json\/wp\/v2\/types\/page"}],"author":[{"embeddable":true,"href":"https:\/\/fbtplastics.com\/fr\/wp-json\/wp\/v2\/users\/1"}],"replies":[{"embeddable":true,"href":"https:\/\/fbtplastics.com\/fr\/wp-json\/wp\/v2\/comments?post=544"}],"version-history":[{"count":4,"href":"https:\/\/fbtplastics.com\/fr\/wp-json\/wp\/v2\/pages\/544\/revisions"}],"predecessor-version":[{"id":629,"href":"https:\/\/fbtplastics.com\/fr\/wp-json\/wp\/v2\/pages\/544\/revisions\/629"}],"wp:attachment":[{"href":"https:\/\/fbtplastics.com\/fr\/wp-json\/wp\/v2\/media?parent=544"}],"curies":[{"name":"wp","href":"https:\/\/api.w.org\/{rel}","templated":true}]}}