{"id":573,"date":"2019-01-08T07:59:24","date_gmt":"2019-01-08T07:59:24","guid":{"rendered":"http:\/\/fbtplastics.com\/home\/"},"modified":"2023-07-18T12:01:26","modified_gmt":"2023-07-18T10:01:26","slug":"home","status":"publish","type":"page","link":"https:\/\/fbtplastics.com\/fr\/","title":{"rendered":"Home"},"content":{"rendered":"<div class=\"wpb-content-wrapper\"><p>[vc_row full_width=\u00a0\u00bbstretch_row_content_no_spaces\u00a0\u00bb el_class=\u00a0\u00bbcarrusel\u00a0\u00bb][vc_column css=\u00a0\u00bb.vc_custom_1546961378160{padding-right: 0px !important;padding-left: 0px !important;}\u00a0\u00bb][vc_images_carousel images=\u00a0\u00bb225,229,233&Prime; img_size=\u00a0\u00bbfull\u00a0\u00bb onclick=\u00a0\u00bblink_no\u00a0\u00bb autoplay=\u00a0\u00bbyes\u00a0\u00bb hide_prev_next_buttons=\u00a0\u00bbyes\u00a0\u00bb wrap=\u00a0\u00bbyes\u00a0\u00bb title=\u00a0\u00bbRelever les nouveaux d\u00e9fis dans le secteur de l\u2019injection plastique\u00a0\u00bb css=\u00a0\u00bb.vc_custom_1689674485177{margin-bottom: 0px !important;}\u00a0\u00bb][\/vc_column][\/vc_row][vc_row full_width=\u00a0\u00bbstretch_row_content\u00a0\u00bb equal_height=\u00a0\u00bbyes\u00a0\u00bb content_placement=\u00a0\u00bbmiddle\u00a0\u00bb el_class=\u00a0\u00bbreverse\u00a0\u00bb][vc_column width=\u00a0\u00bb1\/2&Prime; css=\u00a0\u00bb.vc_custom_1550049395958{background-image: url(http:\/\/fbtplastics.com\/wp\/wp-content\/uploads\/2019\/02\/home-empresa.jpg?id=242) !important;background-position: center !important;background-repeat: no-repeat !important;background-size: cover !important;}\u00a0\u00bb el_class=\u00a0\u00bbhome-boxes\u00a0\u00bb][\/vc_column][vc_column width=\u00a0\u00bb1\/2&Prime; css=\u00a0\u00bb.vc_custom_1546960676081{background-color: #393b41 !important;}\u00a0\u00bb][vc_column_text el_class=\u00a0\u00bbdestacats\u00a0\u00bb css=\u00a0\u00bb.vc_custom_1613039179190{padding-right: 15% !important;padding-left: 15% !important;}\u00a0\u00bb]<\/p>\n<h3 style=\"text-align: center;\">Entreprise<\/h3>\n<hr \/>\n<p style=\"text-align: center;\">L&rsquo;exp\u00e9rience de notre \u00e9quipe technique est l&rsquo;atout le plus important au cours du processus de d\u00e9veloppement et de production de chaque projet.<\/p>\n<p style=\"text-align: center;\"><a href=\"http:\/\/fbtplastics.com\/fr\/entreprise\/\">D\u00e9couvrez FBT<\/a><\/p>\n<hr \/>\n<p>[\/vc_column_text][\/vc_column][\/vc_row][vc_row full_width=\u00a0\u00bbstretch_row_content\u00a0\u00bb equal_height=\u00a0\u00bbyes\u00a0\u00bb content_placement=\u00a0\u00bbmiddle\u00a0\u00bb][vc_column width=\u00a0\u00bb1\/2&Prime; css=\u00a0\u00bb.vc_custom_1546960676081{background-color: #393b41 !important;}\u00a0\u00bb][vc_column_text el_class=\u00a0\u00bbdestacats\u00a0\u00bb css=\u00a0\u00bb.vc_custom_1613039253161{padding-right: 15% !important;padding-left: 15% !important;}\u00a0\u00bb]<\/p>\n<h3 style=\"text-align: center;\">Services<\/h3>\n<hr \/>\n<p style=\"text-align: center;\">FBT r\u00e9alise le d\u00e9veloppement int\u00e9gral du projet, depuis l&rsquo;\u00e9tude de faisabilit\u00e9 initiale jusqu\u2019\u00e0 l&rsquo;int\u00e9gration des post-processus de production.<\/p>\n<p style=\"text-align: center;\"><a href=\"http:\/\/fbtplastics.com\/fr\/services\/\">D\u00e9couvrez ce que nous pouvons faire pour votre projet<\/a><\/p>\n<hr \/>\n<p>[\/vc_column_text][\/vc_column][vc_column width=\u00a0\u00bb1\/2&Prime; css=\u00a0\u00bb.vc_custom_1550049415334{background-image: url(http:\/\/fbtplastics.com\/wp\/wp-content\/uploads\/2019\/02\/home-serveis.jpg?id=246) !important;background-position: center !important;background-repeat: no-repeat !important;background-size: cover !important;}\u00a0\u00bb el_class=\u00a0\u00bbhome-boxes\u00a0\u00bb][\/vc_column][\/vc_row][vc_row css=\u00a0\u00bb.vc_custom_1547022950831{margin-top: 80px !important;}\u00a0\u00bb][vc_column][vc_column_text]<\/p>\n<h3 style=\"text-align: center;\"><span style=\"color: #e12424;\">Depuis le d\u00e9but<\/span><\/h3>\n<p style=\"text-align: center;\">Contactez-nous et nous vous conseillerons sur le d\u00e9veloppement de votre projet.<\/p>\n<p>[\/vc_column_text][\/vc_column][\/vc_row][vc_row][vc_column]\n<div class=\"wpcf7 no-js\" id=\"wpcf7-f586-o1\" lang=\"es-ES\" dir=\"ltr\">\n<div class=\"screen-reader-response\"><p role=\"status\" aria-live=\"polite\" aria-atomic=\"true\"><\/p> <ul><\/ul><\/div>\n<form action=\"\/fr\/wp-json\/wp\/v2\/pages\/573#wpcf7-f586-o1\" method=\"post\" class=\"wpcf7-form init\" aria-label=\"Formulario de contacto\" novalidate=\"novalidate\" data-status=\"init\">\n<div style=\"display: none;\">\n<input type=\"hidden\" name=\"_wpcf7\" value=\"586\" \/>\n<input type=\"hidden\" name=\"_wpcf7_version\" value=\"5.8.4\" \/>\n<input type=\"hidden\" name=\"_wpcf7_locale\" value=\"es_ES\" \/>\n<input type=\"hidden\" name=\"_wpcf7_unit_tag\" value=\"wpcf7-f586-o1\" \/>\n<input type=\"hidden\" name=\"_wpcf7_container_post\" value=\"0\" \/>\n<input type=\"hidden\" name=\"_wpcf7_posted_data_hash\" value=\"\" \/>\n<input type=\"hidden\" name=\"_wpcf7_recaptcha_response\" value=\"\" \/>\n<\/div>\n<div class=\"twocol\">\n\t<p><span class=\"wpcf7-form-control-wrap\" data-name=\"nombre\"><input size=\"40\" class=\"wpcf7-form-control wpcf7-text wpcf7-validates-as-required\" aria-required=\"true\" aria-invalid=\"false\" placeholder=\"Nom\" value=\"\" type=\"text\" name=\"nombre\" \/><\/span>\n\t<\/p>\n\t<p><span class=\"wpcf7-form-control-wrap\" data-name=\"empresa\"><input size=\"40\" class=\"wpcf7-form-control wpcf7-text wpcf7-validates-as-required\" aria-required=\"true\" aria-invalid=\"false\" placeholder=\"Entreprise\" value=\"\" type=\"text\" name=\"empresa\" \/><\/span>\n\t<\/p>\n\t<p><span class=\"wpcf7-form-control-wrap\" data-name=\"telefono\"><input size=\"40\" class=\"wpcf7-form-control wpcf7-text wpcf7-validates-as-required\" aria-required=\"true\" aria-invalid=\"false\" placeholder=\"T\u00e9l\u00e9phone\" value=\"\" type=\"text\" name=\"telefono\" \/><\/span>\n\t<\/p>\n\t<p><span class=\"wpcf7-form-control-wrap\" data-name=\"email\"><input size=\"40\" class=\"wpcf7-form-control wpcf7-email wpcf7-validates-as-required wpcf7-text wpcf7-validates-as-email\" aria-required=\"true\" aria-invalid=\"false\" placeholder=\"E-mail\" value=\"\" type=\"email\" name=\"email\" \/><\/span>\n\t<\/p>\n\t<p><span class=\"wpcf7-form-control-wrap\" data-name=\"comentarios\"><textarea cols=\"40\" rows=\"10\" class=\"wpcf7-form-control wpcf7-textarea\" aria-invalid=\"false\" placeholder=\"Commentaires\" name=\"comentarios\"><\/textarea><\/span>\n\t<\/p>\n<\/div>\n<div class=\"twocol last\">\n\t<p>FREIXA BOFILL TESEM, S.L. en tant que responsable du traitement traitera vos donn\u00e9es dans le but de r\u00e9pondre \u00e0 votre requ\u00eate ou demande. Vous pouvez acc\u00e9der, rectifier et effacer vos donn\u00e9es, et \u00e9galement exercer d\u2019autres droits en consultant les informations d\u00e9taill\u00e9es suppl\u00e9mentaires sur la protection des donn\u00e9es dans notre Politique de Confidentialit\u00e9.\n\t<\/p>\n\t<p><span class=\"wpcf7-form-control-wrap\" data-name=\"lopd\"><span class=\"wpcf7-form-control wpcf7-acceptance\"><span class=\"wpcf7-list-item\"><label><input type=\"checkbox\" name=\"lopd\" value=\"1\" aria-invalid=\"false\" \/><span class=\"wpcf7-list-item-label\">J\u2019ai lu et j\u2019accepte les conditions contenues dans la <a href=\"http:\/\/fbtplastics.com\/fr\/politique-de-confidentialite\/\">politique de confidentialit\u00e9<\/a> sur le traitement de mes donn\u00e9es pour g\u00e9rer ma requ\u00eate ou demande.<\/span><\/label><\/span><\/span><\/span>\n\t<\/p>\n\t<p>Nous aimerions que vous nous donniez votre consentement pour:\n\t<\/p>\n\t<p><span class=\"wpcf7-form-control-wrap\" data-name=\"newsletter\"><span class=\"wpcf7-form-control wpcf7-acceptance optional\"><span class=\"wpcf7-list-item\"><label><input type=\"checkbox\" name=\"newsletter\" value=\"1\" aria-invalid=\"false\" \/><span class=\"wpcf7-list-item-label\">Vous envoyer des informations commerciales sur les produits, services et nouvelles fonctionnalit\u00e9s de FREIXA BOFILL TESEM, S.L.<\/span><\/label><\/span><\/span><\/span>\n\t<\/p>\n\t<p><input class=\"wpcf7-form-control wpcf7-submit has-spinner\" type=\"submit\" value=\"Envoyer\" \/>\n\t<\/p>\n<\/div><div class=\"wpcf7-response-output\" aria-hidden=\"true\"><\/div>\n<\/form>\n<\/div>\n[\/vc_column][\/vc_row]<\/p>\n<\/div>","protected":false},"excerpt":{"rendered":"<p>[vc_row full_width=\u00a0\u00bbstretch_row_content_no_spaces\u00a0\u00bb el_class=\u00a0\u00bbcarrusel\u00a0\u00bb][vc_column css=\u00a0\u00bb.vc_custom_1546961378160{padding-right: 0px !important;padding-left: 0px !important;}\u00a0\u00bb][vc_images_carousel images=\u00a0\u00bb225,229,233&Prime; img_size=\u00a0\u00bbfull\u00a0\u00bb onclick=\u00a0\u00bblink_no\u00a0\u00bb autoplay=\u00a0\u00bbyes\u00a0\u00bb hide_prev_next_buttons=\u00a0\u00bbyes\u00a0\u00bb wrap=\u00a0\u00bbyes\u00a0\u00bb title=\u00a0\u00bbRelever les nouveaux d\u00e9fis dans le secteur de l\u2019injection plastique\u00a0\u00bb css=\u00a0\u00bb.vc_custom_1689674485177{margin-bottom: 0px !important;}\u00a0\u00bb][\/vc_column][\/vc_row][vc_row full_width=\u00a0\u00bbstretch_row_content\u00a0\u00bb equal_height=\u00a0\u00bbyes\u00a0\u00bb content_placement=\u00a0\u00bbmiddle\u00a0\u00bb el_class=\u00a0\u00bbreverse\u00a0\u00bb][vc_column width=\u00a0\u00bb1\/2&Prime; css=\u00a0\u00bb.vc_custom_1550049395958{background-image: url(http:\/\/fbtplastics.com\/wp\/wp-content\/uploads\/2019\/02\/home-empresa.jpg?id=242) !important;background-position: center !important;background-repeat: no-repeat !important;background-size: cover !important;}\u00a0\u00bb el_class=\u00a0\u00bbhome-boxes\u00a0\u00bb][\/vc_column][vc_column width=\u00a0\u00bb1\/2&Prime; css=\u00a0\u00bb.vc_custom_1546960676081{background-color: #393b41 !important;}\u00a0\u00bb][vc_column_text el_class=\u00a0\u00bbdestacats\u00a0\u00bb css=\u00a0\u00bb.vc_custom_1613039179190{padding-right: 15% !important;padding-left: 15% !important;}\u00a0\u00bb] Entreprise L&rsquo;exp\u00e9rience de [&hellip;]<\/p>\n","protected":false},"author":1,"featured_media":0,"parent":0,"menu_order":0,"comment_status":"closed","ping_status":"closed","template":"","meta":{"footnotes":""},"_links":{"self":[{"href":"https:\/\/fbtplastics.com\/fr\/wp-json\/wp\/v2\/pages\/573"}],"collection":[{"href":"https:\/\/fbtplastics.com\/fr\/wp-json\/wp\/v2\/pages"}],"about":[{"href":"https:\/\/fbtplastics.com\/fr\/wp-json\/wp\/v2\/types\/page"}],"author":[{"embeddable":true,"href":"https:\/\/fbtplastics.com\/fr\/wp-json\/wp\/v2\/users\/1"}],"replies":[{"embeddable":true,"href":"https:\/\/fbtplastics.com\/fr\/wp-json\/wp\/v2\/comments?post=573"}],"version-history":[{"count":6,"href":"https:\/\/fbtplastics.com\/fr\/wp-json\/wp\/v2\/pages\/573\/revisions"}],"predecessor-version":[{"id":727,"href":"https:\/\/fbtplastics.com\/fr\/wp-json\/wp\/v2\/pages\/573\/revisions\/727"}],"wp:attachment":[{"href":"https:\/\/fbtplastics.com\/fr\/wp-json\/wp\/v2\/media?parent=573"}],"curies":[{"name":"wp","href":"https:\/\/api.w.org\/{rel}","templated":true}]}}