{"id":577,"date":"2019-01-08T10:51:23","date_gmt":"2019-01-08T09:51:23","guid":{"rendered":"http:\/\/fbtplastics.com\/empresa\/"},"modified":"2025-02-20T15:00:11","modified_gmt":"2025-02-20T14:00:11","slug":"entreprise","status":"publish","type":"page","link":"https:\/\/fbtplastics.com\/fr\/entreprise\/","title":{"rendered":"Entreprise"},"content":{"rendered":"<div class=\"wpb-content-wrapper\"><p>[vc_row full_width=\u00a0\u00bbstretch_row_content_no_spaces\u00a0\u00bb css_animation=\u00a0\u00bbnone\u00a0\u00bb css=\u00a0\u00bb.vc_custom_1550070994688{background-image: url(http:\/\/fbtplastics.com\/wp\/wp-content\/uploads\/2019\/02\/company-header2-1.jpg?id=193) !important;background-position: center !important;background-repeat: no-repeat !important;background-size: cover !important;}\u00a0\u00bb el_class=\u00a0\u00bbcapcalera\u00a0\u00bb][vc_column css=\u00a0\u00bb.vc_custom_1549987379879{padding-top: 0px !important;}\u00a0\u00bb][\/vc_column][\/vc_row][vc_row full_width=\u00a0\u00bbstretch_row\u00a0\u00bb css=\u00a0\u00bb.vc_custom_1549988877769{background-image: url(http:\/\/fbtplastics.com\/wp\/wp-content\/uploads\/2019\/02\/fbt-dots.png?id=213) !important;}\u00a0\u00bb][vc_column width=\u00a0\u00bb1\/6&Prime;][\/vc_column][vc_column width=\u00a0\u00bb4\/6&Prime;][vc_column_text el_class=\u00a0\u00bbsubtitol\u00a0\u00bb]<\/p>\n<h3 style=\"text-align: center;\"><span style=\"color: #e12424;\">Notre entreprise<\/span><\/h3>\n<p>[\/vc_column_text][\/vc_column][vc_column width=\u00a0\u00bb1\/6&Prime;][\/vc_column][\/vc_row][vc_row el_class=\u00a0\u00bbreverse\u00a0\u00bb][vc_column offset=\u00a0\u00bbvc_col-lg-6&Prime;][vc_single_image image=\u00a0\u00bb143&Prime; img_size=\u00a0\u00bbfull\u00a0\u00bb css=\u00a0\u00bb.vc_custom_1547032219170{margin-bottom: 0px !important;}\u00a0\u00bb][\/vc_column][vc_column offset=\u00a0\u00bbvc_col-lg-5&Prime;][vc_column_text css_animation=\u00a0\u00bbright-to-left\u00a0\u00bb]<\/p>\n<h3>Qualit\u00e9 dans le secteur de l&rsquo;injection plastique depuis 1962<br \/>\n&#8211;<\/h3>\n<p>FBT a pour origine un atelier familial sp\u00e9cialis\u00e9 dans la fabrication de pi\u00e8ces en plastique pour l&rsquo;industrie locale. Au d\u00e9but des ann\u00e9es 90, l&rsquo;entreprise s\u2019installe \u00e0 Sant Vicen\u00e7 de Torell\u00f3, avec des installations de 1.800 m2. \u00c0 partir de 2006, avec l&rsquo;incorporation de Tesem dans la soci\u00e9t\u00e9, un processus de croissance des ventes commence. En 2012, la soci\u00e9t\u00e9 acquiert les installations actuelles (3.000 m2) dans la zone industrielle P. I. Matabosch de Torell\u00f3, permettant de r\u00e9aliser un saut technologique en g\u00e9n\u00e9ral et d\u2019augmenter la capacit\u00e9 des machines pour relever de nouveaux d\u00e9fis.[\/vc_column_text][\/vc_column][vc_column css=\u00a0\u00bb.vc_custom_1553186148641{padding-top: 0px !important;}\u00a0\u00bb offset=\u00a0\u00bbvc_col-lg-1&Prime;][\/vc_column][\/vc_row][vc_row full_width=\u00a0\u00bbstretch_row\u00a0\u00bb css=\u00a0\u00bb.vc_custom_1547032027248{background-color: #c9c9cb !important;}\u00a0\u00bb][vc_column][vc_row_inner css=\u00a0\u00bb.vc_custom_1550070199344{margin-top: 65px !important;margin-bottom: 50px !important;}\u00a0\u00bb][vc_column_inner width=\u00a0\u00bb1\/6&Prime; css=\u00a0\u00bb.vc_custom_1550069892483{padding-top: 0px !important;}\u00a0\u00bb][\/vc_column_inner][vc_column_inner width=\u00a0\u00bb4\/6&Prime;][vc_column_text css_animation=\u00a0\u00bbtop-to-bottom\u00a0\u00bb]<\/p>\n<h3>Capacit\u00e9 doubl\u00e9e de flexibilit\u00e9<br \/>\n&#8211;<\/h3>\n<p>Nous avons une usine d&rsquo;injection robotis\u00e9e, avec vingt-quatre machines allant jusqu&rsquo;\u00e0 300 T et une capacit\u00e9 de production de cent cinquante millions de pi\u00e8ces par an. Nous pouvons personnaliser chaque produit avec diff\u00e9rents post-processus, notamment des finitions sp\u00e9ciales, des inserts ou des manipulations, que nous int\u00e9grons dans le processus de production tout en maintenant les m\u00eames niveaux de qualit\u00e9 \u00e0 tous les stades.[\/vc_column_text][\/vc_column_inner][vc_column_inner width=\u00a0\u00bb1\/6&Prime; css=\u00a0\u00bb.vc_custom_1550069898155{padding-top: 0px !important;}\u00a0\u00bb][\/vc_column_inner][\/vc_row_inner][\/vc_column][\/vc_row][vc_row full_width=\u00a0\u00bbstretch_row_content_no_spaces\u00a0\u00bb parallax=\u00a0\u00bbcontent-moving\u00a0\u00bb parallax_image=\u00a0\u00bb205&Prime; parallax_speed_bg=\u00a0\u00bb2&Prime; css=\u00a0\u00bb.vc_custom_1550058056837{padding-top: 50% !important;background-position: center;background-repeat: no-repeat !important;background-size: cover !important;}\u00a0\u00bb el_id=\u00a0\u00bbparallax\u00a0\u00bb][vc_column css=\u00a0\u00bb.vc_custom_1549987379879{padding-top: 0px !important;}\u00a0\u00bb][\/vc_column][\/vc_row][vc_row css=\u00a0\u00bb.vc_custom_1550069976091{margin-top: 65px !important;}\u00a0\u00bb el_class=\u00a0\u00bbreverse\u00a0\u00bb][vc_column offset=\u00a0\u00bbvc_col-lg-7&Prime;][vc_single_image image=\u00a0\u00bb710&Prime; img_size=\u00a0\u00bbfull\u00a0\u00bb css=\u00a0\u00bb.vc_custom_1668002005560{margin-bottom: 0px !important;}\u00a0\u00bb][\/vc_column][vc_column offset=\u00a0\u00bbvc_col-lg-4&Prime;][vc_column_text css_animation=\u00a0\u00bbright-to-left\u00a0\u00bb]<\/p>\n<h3>Cleanroom<br \/>\n&#8211;<\/h3>\n<p>Gr\u00e2ce \u00e0 notre technicisation et notre comp\u00e9titivit\u00e9, nous sommes en mesure de servir les industries des secteurs m\u00e9dical, pharmaceutique et v\u00e9t\u00e9rinaire.<br \/>\nTous les produits sont fabriqu\u00e9s en salle blanche ISO-8 (ISO 14644.1).[\/vc_column_text][\/vc_column][vc_column css=\u00a0\u00bb.vc_custom_1553185962450{padding-top: 0px !important;}\u00a0\u00bb offset=\u00a0\u00bbvc_col-lg-1&Prime;][\/vc_column][\/vc_row][vc_row full_width=\u00a0\u00bbstretch_row\u00a0\u00bb css=\u00a0\u00bb.vc_custom_1547032027248{background-color: #c9c9cb !important;}\u00a0\u00bb][vc_column][vc_row_inner css=\u00a0\u00bb.vc_custom_1550070263399{margin-top: 65px !important;}\u00a0\u00bb][vc_column_inner offset=\u00a0\u00bbvc_col-lg-4&Prime;][vc_column_text css_animation=\u00a0\u00bbleft-to-right\u00a0\u00bb]<\/p>\n<h3 style=\"text-align: right;\">Recherche et d\u00e9veloppement<br \/>\n&#8211;<\/h3>\n<p style=\"text-align: right;\">Nous disposons d&rsquo;un d\u00e9partement de R&amp;D charg\u00e9 de d\u00e9velopper de nouvelles id\u00e9es et d&rsquo;am\u00e9liorer les processus. Cette recherche nous permet de proposer des solutions innovantes \u00e0 nos clients et d&rsquo;ajouter de la valeur au produit final.<\/p>\n<p>[\/vc_column_text][\/vc_column_inner][vc_column_inner offset=\u00a0\u00bbvc_col-lg-5&Prime;][vc_single_image image=\u00a0\u00bb162&Prime; img_size=\u00a0\u00bbfull\u00a0\u00bb css=\u00a0\u00bb.vc_custom_1547043292227{margin-bottom: 0px !important;}\u00a0\u00bb][\/vc_column_inner][vc_column_inner css=\u00a0\u00bb.vc_custom_1553186084243{padding-top: 0px !important;}\u00a0\u00bb offset=\u00a0\u00bbvc_col-lg-3&Prime;][\/vc_column_inner][\/vc_row_inner][\/vc_column][\/vc_row][vc_row css=\u00a0\u00bb.vc_custom_1550069976091{margin-top: 65px !important;}\u00a0\u00bb el_class=\u00a0\u00bbreverse\u00a0\u00bb][vc_column offset=\u00a0\u00bbvc_col-lg-7&Prime;][vc_single_image image=\u00a0\u00bb172&Prime; img_size=\u00a0\u00bbfull\u00a0\u00bb][\/vc_column][vc_column offset=\u00a0\u00bbvc_col-lg-4&Prime;][vc_column_text css_animation=\u00a0\u00bbright-to-left\u00a0\u00bb]<\/p>\n<h3>Qualit\u00e9 et certificats<br \/>\n&#8211;<\/h3>\n<p>Une bonne m\u00e9thode de travail associ\u00e9e \u00e0 un contr\u00f4le de qualit\u00e9 exigeant nous permet de garantir que les pi\u00e8ces inject\u00e9es sont conformes aux niveaux requis par chaque produit.<\/p>\n<p>Nous sommes conscients de l&rsquo;importance de transposer cette auto-exigence \u00e0 tous les domaines de l\u2019entreprise, et \u00e9galement \u00e0 la relation avec nos clients et fournisseurs. C&rsquo;est pour cette raison que nous sommes actuellement en cours d&rsquo;obtention des certificats:<\/p>\n<p><img loading=\"lazy\" decoding=\"async\" class=\"alignleft size-full wp-image-494\" style=\"margin-bottom: 14px;\" src=\"http:\/\/fbtplastics.com\/wp\/wp-content\/uploads\/2019\/07\/ISO_9001_RGB.png\" alt=\"\" width=\"100\" height=\"175\" srcset=\"https:\/\/fbtplastics.com\/wp\/wp-content\/uploads\/2019\/07\/ISO_9001_RGB.png 200w, https:\/\/fbtplastics.com\/wp\/wp-content\/uploads\/2019\/07\/ISO_9001_RGB-171x300.png 171w\" sizes=\"(max-width: 100px) 100vw, 100px\" \/><img loading=\"lazy\" decoding=\"async\" class=\"alignleft size-medium wp-image-498\" style=\"margin-bottom: 14px;\" src=\"http:\/\/fbtplastics.com\/wp\/wp-content\/uploads\/2019\/07\/ISO_14001_RGB.png\" alt=\"\" width=\"100\" height=\"175\" srcset=\"https:\/\/fbtplastics.com\/wp\/wp-content\/uploads\/2019\/07\/ISO_14001_RGB.png 200w, https:\/\/fbtplastics.com\/wp\/wp-content\/uploads\/2019\/07\/ISO_14001_RGB-171x300.png 171w\" sizes=\"(max-width: 100px) 100vw, 100px\" \/><img loading=\"lazy\" decoding=\"async\" class=\"alignnone size-medium wp-image-502\" style=\"margin-bottom: 14px;\" src=\"http:\/\/fbtplastics.com\/wp\/wp-content\/uploads\/2019\/07\/ISO_45001_RGB.png\" alt=\"\" width=\"100\" height=\"175\" srcset=\"https:\/\/fbtplastics.com\/wp\/wp-content\/uploads\/2019\/07\/ISO_45001_RGB.png 200w, https:\/\/fbtplastics.com\/wp\/wp-content\/uploads\/2019\/07\/ISO_45001_RGB-171x300.png 171w\" sizes=\"(max-width: 100px) 100vw, 100px\" \/><img loading=\"lazy\" decoding=\"async\" class=\"alignleft wp-image-746 size-full\" style=\"margin-bottom: 14px;\" src=\"https:\/\/fbtplastics.com\/wp\/wp-content\/uploads\/2025\/02\/ISO_13485_RGB.png\" alt=\"\" width=\"100\" height=\"175\" srcset=\"https:\/\/fbtplastics.com\/wp\/wp-content\/uploads\/2025\/02\/ISO_13485_RGB.png 200w, https:\/\/fbtplastics.com\/wp\/wp-content\/uploads\/2025\/02\/ISO_13485_RGB-171x300.png 171w\" sizes=\"(max-width: 100px) 100vw, 100px\" \/>[\/vc_column_text][vc_separator color=\u00a0\u00bbwhite\u00a0\u00bb][vc_column_text css_animation=\u00a0\u00bbright-to-left\u00a0\u00bb]<i class=\"fas fa-file-pdf\"><\/i> \u00a0<a href=\"http:\/\/fbtplastics.com\/wp\/wp-content\/uploads\/2019\/03\/fbt-politica-de-qualitat.pdf\" target=\"_blank\" rel=\"noopener\">Document sur la politique de qualit\u00e9, s\u00e9curit\u00e9 et environnement<\/a>[\/vc_column_text][\/vc_column][vc_column css=\u00a0\u00bb.vc_custom_1553185962450{padding-top: 0px !important;}\u00a0\u00bb offset=\u00a0\u00bbvc_col-lg-1&Prime;][\/vc_column][\/vc_row]<\/p>\n<\/div>","protected":false},"excerpt":{"rendered":"<p>[vc_row full_width=\u00a0\u00bbstretch_row_content_no_spaces\u00a0\u00bb css_animation=\u00a0\u00bbnone\u00a0\u00bb css=\u00a0\u00bb.vc_custom_1550070994688{background-image: url(http:\/\/fbtplastics.com\/wp\/wp-content\/uploads\/2019\/02\/company-header2-1.jpg?id=193) !important;background-position: center !important;background-repeat: no-repeat !important;background-size: cover !important;}\u00a0\u00bb el_class=\u00a0\u00bbcapcalera\u00a0\u00bb][vc_column css=\u00a0\u00bb.vc_custom_1549987379879{padding-top: 0px !important;}\u00a0\u00bb][\/vc_column][\/vc_row][vc_row full_width=\u00a0\u00bbstretch_row\u00a0\u00bb css=\u00a0\u00bb.vc_custom_1549988877769{background-image: url(http:\/\/fbtplastics.com\/wp\/wp-content\/uploads\/2019\/02\/fbt-dots.png?id=213) !important;}\u00a0\u00bb][vc_column width=\u00a0\u00bb1\/6&Prime;][\/vc_column][vc_column width=\u00a0\u00bb4\/6&Prime;][vc_column_text el_class=\u00a0\u00bbsubtitol\u00a0\u00bb] Notre entreprise [\/vc_column_text][\/vc_column][vc_column width=\u00a0\u00bb1\/6&Prime;][\/vc_column][\/vc_row][vc_row el_class=\u00a0\u00bbreverse\u00a0\u00bb][vc_column offset=\u00a0\u00bbvc_col-lg-6&Prime;][vc_single_image image=\u00a0\u00bb143&Prime; img_size=\u00a0\u00bbfull\u00a0\u00bb css=\u00a0\u00bb.vc_custom_1547032219170{margin-bottom: 0px !important;}\u00a0\u00bb][\/vc_column][vc_column offset=\u00a0\u00bbvc_col-lg-5&Prime;][vc_column_text css_animation=\u00a0\u00bbright-to-left\u00a0\u00bb] Qualit\u00e9 dans le secteur de l&rsquo;injection plastique depuis 1962 &#8211; FBT a pour origine un atelier familial sp\u00e9cialis\u00e9 dans [&hellip;]<\/p>\n","protected":false},"author":1,"featured_media":0,"parent":0,"menu_order":0,"comment_status":"closed","ping_status":"closed","template":"","meta":{"footnotes":""},"_links":{"self":[{"href":"https:\/\/fbtplastics.com\/fr\/wp-json\/wp\/v2\/pages\/577"}],"collection":[{"href":"https:\/\/fbtplastics.com\/fr\/wp-json\/wp\/v2\/pages"}],"about":[{"href":"https:\/\/fbtplastics.com\/fr\/wp-json\/wp\/v2\/types\/page"}],"author":[{"embeddable":true,"href":"https:\/\/fbtplastics.com\/fr\/wp-json\/wp\/v2\/users\/1"}],"replies":[{"embeddable":true,"href":"https:\/\/fbtplastics.com\/fr\/wp-json\/wp\/v2\/comments?post=577"}],"version-history":[{"count":5,"href":"https:\/\/fbtplastics.com\/fr\/wp-json\/wp\/v2\/pages\/577\/revisions"}],"predecessor-version":[{"id":753,"href":"https:\/\/fbtplastics.com\/fr\/wp-json\/wp\/v2\/pages\/577\/revisions\/753"}],"wp:attachment":[{"href":"https:\/\/fbtplastics.com\/fr\/wp-json\/wp\/v2\/media?parent=577"}],"curies":[{"name":"wp","href":"https:\/\/api.w.org\/{rel}","templated":true}]}}