{"id":581,"date":"2019-02-13T10:22:04","date_gmt":"2019-02-13T09:22:04","guid":{"rendered":"http:\/\/fbtplastics.com\/services\/"},"modified":"2026-02-20T17:04:45","modified_gmt":"2026-02-20T16:04:45","slug":"services","status":"publish","type":"page","link":"https:\/\/fbtplastics.com\/fr\/services\/","title":{"rendered":"Services"},"content":{"rendered":"<div class=\"wpb-content-wrapper\"><p>[vc_row full_width=\u00a0\u00bbstretch_row_content_no_spaces\u00a0\u00bb css_animation=\u00a0\u00bbnone\u00a0\u00bb css=\u00a0\u00bb.vc_custom_1550070826111{background-image: url(http:\/\/fbtplastics.com\/wp\/wp-content\/uploads\/2019\/02\/services-header2.jpg?id=302) !important;background-position: center !important;background-repeat: no-repeat !important;background-size: cover !important;}\u00a0\u00bb el_class=\u00a0\u00bbcapcalera\u00a0\u00bb][vc_column css=\u00a0\u00bb.vc_custom_1549987379879{padding-top: 0px !important;}\u00a0\u00bb][\/vc_column][\/vc_row][vc_row full_width=\u00a0\u00bbstretch_row\u00a0\u00bb css=\u00a0\u00bb.vc_custom_1549988877769{background-image: url(http:\/\/fbtplastics.com\/wp\/wp-content\/uploads\/2019\/02\/fbt-dots.png?id=213) !important;}\u00a0\u00bb][vc_column width=\u00a0\u00bb1\/6&Prime;][\/vc_column][vc_column width=\u00a0\u00bb4\/6&Prime;][vc_column_text el_class=\u00a0\u00bbsubtitol\u00a0\u00bb]<\/p>\n<h3 style=\"text-align: center;\"><span style=\"color: #e12424;\">Services<\/span><\/h3>\n<p style=\"text-align: center;\">Nous r\u00e9alisons le d\u00e9veloppement int\u00e9gral du projet, de l&rsquo;\u00e9tude de faisabilit\u00e9 initiale \u00e0 l&rsquo;int\u00e9gration des post-processus de production.<\/p>\n<p>[\/vc_column_text][\/vc_column][vc_column width=\u00a0\u00bb1\/6&Prime;][\/vc_column][\/vc_row][vc_row][vc_column css=\u00a0\u00bb.vc_custom_1553186222443{padding-top: 0px !important;}\u00a0\u00bb offset=\u00a0\u00bbvc_col-lg-1&Prime;][\/vc_column][vc_column offset=\u00a0\u00bbvc_col-lg-5&Prime;][vc_column_text css_animation=\u00a0\u00bbleft-to-right\u00a0\u00bb]<\/p>\n<h3 style=\"text-align: right;\">\u00c9tude de faisabilit\u00e9 et conception des pi\u00e8ces<br \/>\n&#8211;<\/h3>\n<p style=\"text-align: right;\">La phase pr\u00e9paratoire, consistant \u00e0 concevoir et \u00e0 d\u00e9velopper le projet, est essentielle pour obtenir les meilleurs r\u00e9sultats possibles. Et c\u2019est d\u2019ailleurs pour cette raison que notre \u00e9quipe technique a une attitude proactive et recherche les meilleures options techniques et d&rsquo;optimisation des processus, en collaboration avec le client.<\/p>\n<p>[\/vc_column_text][\/vc_column][vc_column offset=\u00a0\u00bbvc_col-lg-6&Prime;][vc_single_image image=\u00a0\u00bb260&Prime; img_size=\u00a0\u00bbfull\u00a0\u00bb css=\u00a0\u00bb.vc_custom_1550057216026{margin-bottom: 0px !important;}\u00a0\u00bb][\/vc_column][\/vc_row][vc_row full_width=\u00a0\u00bbstretch_row\u00a0\u00bb css=\u00a0\u00bb.vc_custom_1547032027248{background-color: #c9c9cb !important;}\u00a0\u00bb][vc_column][vc_row_inner css=\u00a0\u00bb.vc_custom_1550069747160{margin-top: 65px !important;}\u00a0\u00bb el_class=\u00a0\u00bbreverse\u00a0\u00bb][vc_column_inner offset=\u00a0\u00bbvc_col-lg-6&Prime;][vc_single_image image=\u00a0\u00bb264&Prime; img_size=\u00a0\u00bbfull\u00a0\u00bb css=\u00a0\u00bb.vc_custom_1550057228160{margin-bottom: 0px !important;}\u00a0\u00bb][\/vc_column_inner][vc_column_inner offset=\u00a0\u00bbvc_col-lg-5&Prime;][vc_column_text css_animation=\u00a0\u00bbright-to-left\u00a0\u00bb]<\/p>\n<h3>Prototypage rapide en 3D<br \/>\n&#8211;<\/h3>\n<p>Nous avons le personnel technique et les \u00e9quipements les plus avanc\u00e9s en mati\u00e8re de prototypage rapide en 3D, ce qui nous permet d&rsquo;acc\u00e9l\u00e9rer le processus de validation avant de fabriquer le moule et de garantir un r\u00e9sultat optimal lors de la production finale.[\/vc_column_text][\/vc_column_inner][vc_column_inner css=\u00a0\u00bb.vc_custom_1553186274956{padding-top: 0px !important;}\u00a0\u00bb offset=\u00a0\u00bbvc_col-lg-1&Prime;][\/vc_column_inner][\/vc_row_inner][\/vc_column][\/vc_row][vc_row][vc_column][vc_column_text css_animation=\u00a0\u00bbtop-to-bottom\u00a0\u00bb css=\u00a0\u00bb.vc_custom_1613039839949{padding-top: 100px !important;padding-bottom: 100px !important;}\u00a0\u00bb]<\/p>\n<h3>Fabrication, validation et maintenance pr\u00e9ventive des moules<br \/>\n&#8211;<\/h3>\n<p>Les moules sont un \u00e9l\u00e9ment cl\u00e9 du processus de fabrication, c&rsquo;est pourquoi nous appliquons syst\u00e9matiquement un protocole sp\u00e9cialis\u00e9 pour la validation et la maintenance pr\u00e9ventive. Nous disposons d&rsquo;\u00e9quipements de nettoyage par ultrasons, nous permettant d&rsquo;optimiser leurs performances et leur dur\u00e9e de vie.[\/vc_column_text][\/vc_column][\/vc_row][vc_row full_width=\u00a0\u00bbstretch_row_content_no_spaces\u00a0\u00bb parallax=\u00a0\u00bbcontent-moving\u00a0\u00bb parallax_image=\u00a0\u00bb280&Prime; parallax_speed_bg=\u00a0\u00bb2&Prime; css=\u00a0\u00bb.vc_custom_1550058030799{padding-top: 50% !important;background-position: center;background-repeat: no-repeat !important;background-size: cover !important;}\u00a0\u00bb el_id=\u00a0\u00bbparallax\u00a0\u00bb][vc_column css=\u00a0\u00bb.vc_custom_1549987379879{padding-top: 0px !important;}\u00a0\u00bb][\/vc_column][\/vc_row][vc_row css=\u00a0\u00bb.vc_custom_1550069709582{margin-top: 65px !important;}\u00a0\u00bb el_class=\u00a0\u00bbreverse\u00a0\u00bb][vc_column offset=\u00a0\u00bbvc_col-lg-6&Prime;][vc_single_image image=\u00a0\u00bb286&Prime; img_size=\u00a0\u00bbfull\u00a0\u00bb css=\u00a0\u00bb.vc_custom_1550057855875{margin-bottom: 0px !important;}\u00a0\u00bb][\/vc_column][vc_column offset=\u00a0\u00bbvc_col-lg-5&Prime;][vc_column_text css_animation=\u00a0\u00bbright-to-left\u00a0\u00bb]<\/p>\n<h3>Automatisations avec des robots collaboratifs<br \/>\n&#8211;<\/h3>\n<p>L&rsquo;int\u00e9gration de robots collaboratifs dans le processus de production nous permet d&rsquo;automatiser des t\u00e2ches complexes, telles que le contr\u00f4le qualit\u00e9 par vision artificielle et l&rsquo;assemblage de pi\u00e8ces composites.[\/vc_column_text][\/vc_column][vc_column css=\u00a0\u00bb.vc_custom_1553186314182{padding-top: 0px !important;}\u00a0\u00bb offset=\u00a0\u00bbvc_col-lg-1&Prime;][\/vc_column][\/vc_row][vc_row full_width=\u00a0\u00bbstretch_row\u00a0\u00bb css=\u00a0\u00bb.vc_custom_1547032027248{background-color: #c9c9cb !important;}\u00a0\u00bb][vc_column][vc_row_inner css=\u00a0\u00bb.vc_custom_1550069700297{margin-top: 65px !important;}\u00a0\u00bb][vc_column_inner css=\u00a0\u00bb.vc_custom_1553186326554{padding-top: 0px !important;}\u00a0\u00bb offset=\u00a0\u00bbvc_col-lg-1&Prime;][\/vc_column_inner][vc_column_inner offset=\u00a0\u00bbvc_col-lg-5&Prime;][vc_column_text css_animation=\u00a0\u00bbleft-to-right\u00a0\u00bb]<\/p>\n<h3 style=\"text-align: right;\">Mat\u00e9riaux complexes<br \/>\n&#8211;<\/h3>\n<p style=\"text-align: right;\">FBT n&rsquo;utilise pas seulement des mat\u00e9riaux standard (PP, PE, PA, POM&#8230;), mais poss\u00e8de \u00e9galement une longue exp\u00e9rience dans l&rsquo;injection de mat\u00e9riaux plus complexes, tels que les PCTG\/PCTA\/SURLYN\u00a9\/ABS\/TPE et les mat\u00e9riaux biod\u00e9gradables.<br \/>\nCette connaissance est essentielle lorsqu&rsquo;il s&rsquo;agit de d\u00e9velopper chaque projet et de fournir les solutions les plus optimales.<\/p>\n<p>[\/vc_column_text][\/vc_column_inner][vc_column_inner offset=\u00a0\u00bbvc_col-lg-6&Prime;][vc_single_image image=\u00a0\u00bb272&Prime; img_size=\u00a0\u00bbfull\u00a0\u00bb css=\u00a0\u00bb.vc_custom_1550057656377{margin-bottom: 0px !important;}\u00a0\u00bb][\/vc_column_inner][\/vc_row_inner][\/vc_column][\/vc_row][vc_row css=\u00a0\u00bb.vc_custom_1550069687403{margin-top: 65px !important;margin-bottom: 50px !important;}\u00a0\u00bb el_class=\u00a0\u00bbreverse\u00a0\u00bb][vc_column offset=\u00a0\u00bbvc_col-lg-6&Prime;][vc_single_image image=\u00a0\u00bb778&Prime; img_size=\u00a0\u00bbfull\u00a0\u00bb css=\u00a0\u00bb.vc_custom_1771603480787{margin-bottom: 0px !important;}\u00a0\u00bb][\/vc_column][vc_column offset=\u00a0\u00bbvc_col-lg-5&Prime;][vc_column_text css_animation=\u00a0\u00bbright-to-left\u00a0\u00bb]<\/p>\n<h3>Post-processus et finitions<br \/>\n&#8211;<\/h3>\n<p>Nous pouvons int\u00e9grer diff\u00e9rents types de finitions, post-processus et assemblages au cours du processus de production. Les processus externes sont strictement supervis\u00e9s par notre service qualit\u00e9.[\/vc_column_text][\/vc_column][vc_column css=\u00a0\u00bb.vc_custom_1553186382874{padding-top: 0px !important;}\u00a0\u00bb offset=\u00a0\u00bbvc_col-lg-1&Prime;][\/vc_column][\/vc_row]<\/p>\n<\/div>","protected":false},"excerpt":{"rendered":"<p>[vc_row full_width=\u00a0\u00bbstretch_row_content_no_spaces\u00a0\u00bb css_animation=\u00a0\u00bbnone\u00a0\u00bb css=\u00a0\u00bb.vc_custom_1550070826111{background-image: url(http:\/\/fbtplastics.com\/wp\/wp-content\/uploads\/2019\/02\/services-header2.jpg?id=302) !important;background-position: center !important;background-repeat: no-repeat !important;background-size: cover !important;}\u00a0\u00bb el_class=\u00a0\u00bbcapcalera\u00a0\u00bb][vc_column css=\u00a0\u00bb.vc_custom_1549987379879{padding-top: 0px !important;}\u00a0\u00bb][\/vc_column][\/vc_row][vc_row full_width=\u00a0\u00bbstretch_row\u00a0\u00bb css=\u00a0\u00bb.vc_custom_1549988877769{background-image: url(http:\/\/fbtplastics.com\/wp\/wp-content\/uploads\/2019\/02\/fbt-dots.png?id=213) !important;}\u00a0\u00bb][vc_column width=\u00a0\u00bb1\/6&Prime;][\/vc_column][vc_column width=\u00a0\u00bb4\/6&Prime;][vc_column_text el_class=\u00a0\u00bbsubtitol\u00a0\u00bb] Services Nous r\u00e9alisons le d\u00e9veloppement int\u00e9gral du projet, de l&rsquo;\u00e9tude de faisabilit\u00e9 initiale \u00e0 l&rsquo;int\u00e9gration des post-processus de production. [\/vc_column_text][\/vc_column][vc_column width=\u00a0\u00bb1\/6&Prime;][\/vc_column][\/vc_row][vc_row][vc_column css=\u00a0\u00bb.vc_custom_1553186222443{padding-top: 0px !important;}\u00a0\u00bb offset=\u00a0\u00bbvc_col-lg-1&Prime;][\/vc_column][vc_column offset=\u00a0\u00bbvc_col-lg-5&Prime;][vc_column_text css_animation=\u00a0\u00bbleft-to-right\u00a0\u00bb] \u00c9tude de faisabilit\u00e9 et conception [&hellip;]<\/p>\n","protected":false},"author":1,"featured_media":0,"parent":0,"menu_order":0,"comment_status":"closed","ping_status":"closed","template":"","meta":{"footnotes":""},"_links":{"self":[{"href":"https:\/\/fbtplastics.com\/fr\/wp-json\/wp\/v2\/pages\/581"}],"collection":[{"href":"https:\/\/fbtplastics.com\/fr\/wp-json\/wp\/v2\/pages"}],"about":[{"href":"https:\/\/fbtplastics.com\/fr\/wp-json\/wp\/v2\/types\/page"}],"author":[{"embeddable":true,"href":"https:\/\/fbtplastics.com\/fr\/wp-json\/wp\/v2\/users\/1"}],"replies":[{"embeddable":true,"href":"https:\/\/fbtplastics.com\/fr\/wp-json\/wp\/v2\/comments?post=581"}],"version-history":[{"count":3,"href":"https:\/\/fbtplastics.com\/fr\/wp-json\/wp\/v2\/pages\/581\/revisions"}],"predecessor-version":[{"id":782,"href":"https:\/\/fbtplastics.com\/fr\/wp-json\/wp\/v2\/pages\/581\/revisions\/782"}],"wp:attachment":[{"href":"https:\/\/fbtplastics.com\/fr\/wp-json\/wp\/v2\/media?parent=581"}],"curies":[{"name":"wp","href":"https:\/\/api.w.org\/{rel}","templated":true}]}}