{"id":584,"date":"2019-01-08T10:51:57","date_gmt":"2019-01-08T09:51:57","guid":{"rendered":"http:\/\/fbtplastics.com\/contact\/"},"modified":"2021-02-11T12:27:31","modified_gmt":"2021-02-11T11:27:31","slug":"contact","status":"publish","type":"page","link":"https:\/\/fbtplastics.com\/fr\/contact\/","title":{"rendered":"Contact"},"content":{"rendered":"<div class=\"wpb-content-wrapper\"><p>[vc_row full_width=\u00a0\u00bbstretch_row_content_no_spaces\u00a0\u00bb css_animation=\u00a0\u00bbnone\u00a0\u00bb css=\u00a0\u00bb.vc_custom_1550071017602{background-image: url(http:\/\/fbtplastics.com\/wp\/wp-content\/uploads\/2019\/02\/contact-header2.jpg?id=312) !important;background-position: center !important;background-repeat: no-repeat !important;background-size: cover !important;}\u00a0\u00bb el_class=\u00a0\u00bbcapcalera\u00a0\u00bb][vc_column][\/vc_column][\/vc_row][vc_row full_width=\u00a0\u00bbstretch_row\u00a0\u00bb css=\u00a0\u00bb.vc_custom_1550068852522{background-image: url(http:\/\/fbtplastics.com\/wp\/wp-content\/uploads\/2019\/02\/fbt-dots.png?id=213) !important;}\u00a0\u00bb][vc_column width=\u00a0\u00bb1\/6&Prime;][\/vc_column][vc_column width=\u00a0\u00bb4\/6&Prime;][vc_column_text el_class=\u00a0\u00bbsubtitol\u00a0\u00bb]<\/p>\n<h3 style=\"text-align: center;\"><span style=\"color: #e12424;\">Depuis le d\u00e9but<\/span><\/h3>\n<p style=\"text-align: center;\">Contactez-nous et nous vous conseillerons sur le d\u00e9veloppement de votre projet.<\/p>\n<p>[\/vc_column_text][\/vc_column][vc_column width=\u00a0\u00bb1\/6&Prime;][\/vc_column][\/vc_row][vc_row][vc_column]\n<div class=\"wpcf7 no-js\" id=\"wpcf7-f586-o1\" lang=\"es-ES\" dir=\"ltr\">\n<div class=\"screen-reader-response\"><p role=\"status\" aria-live=\"polite\" aria-atomic=\"true\"><\/p> <ul><\/ul><\/div>\n<form action=\"\/fr\/wp-json\/wp\/v2\/pages\/584#wpcf7-f586-o1\" method=\"post\" class=\"wpcf7-form init\" aria-label=\"Formulario de contacto\" novalidate=\"novalidate\" data-status=\"init\">\n<div style=\"display: none;\">\n<input type=\"hidden\" name=\"_wpcf7\" value=\"586\" \/>\n<input type=\"hidden\" name=\"_wpcf7_version\" value=\"5.8.4\" \/>\n<input type=\"hidden\" name=\"_wpcf7_locale\" value=\"es_ES\" \/>\n<input type=\"hidden\" name=\"_wpcf7_unit_tag\" value=\"wpcf7-f586-o1\" \/>\n<input type=\"hidden\" name=\"_wpcf7_container_post\" value=\"0\" \/>\n<input type=\"hidden\" name=\"_wpcf7_posted_data_hash\" value=\"\" \/>\n<input type=\"hidden\" name=\"_wpcf7_recaptcha_response\" value=\"\" \/>\n<\/div>\n<div class=\"twocol\">\n\t<p><span class=\"wpcf7-form-control-wrap\" data-name=\"nombre\"><input size=\"40\" class=\"wpcf7-form-control wpcf7-text wpcf7-validates-as-required\" aria-required=\"true\" aria-invalid=\"false\" placeholder=\"Nom\" value=\"\" type=\"text\" name=\"nombre\" \/><\/span>\n\t<\/p>\n\t<p><span class=\"wpcf7-form-control-wrap\" data-name=\"empresa\"><input size=\"40\" class=\"wpcf7-form-control wpcf7-text wpcf7-validates-as-required\" aria-required=\"true\" aria-invalid=\"false\" placeholder=\"Entreprise\" value=\"\" type=\"text\" name=\"empresa\" \/><\/span>\n\t<\/p>\n\t<p><span class=\"wpcf7-form-control-wrap\" data-name=\"telefono\"><input size=\"40\" class=\"wpcf7-form-control wpcf7-text wpcf7-validates-as-required\" aria-required=\"true\" aria-invalid=\"false\" placeholder=\"T\u00e9l\u00e9phone\" value=\"\" type=\"text\" name=\"telefono\" \/><\/span>\n\t<\/p>\n\t<p><span class=\"wpcf7-form-control-wrap\" data-name=\"email\"><input size=\"40\" class=\"wpcf7-form-control wpcf7-email wpcf7-validates-as-required wpcf7-text wpcf7-validates-as-email\" aria-required=\"true\" aria-invalid=\"false\" placeholder=\"E-mail\" value=\"\" type=\"email\" name=\"email\" \/><\/span>\n\t<\/p>\n\t<p><span class=\"wpcf7-form-control-wrap\" data-name=\"comentarios\"><textarea cols=\"40\" rows=\"10\" class=\"wpcf7-form-control wpcf7-textarea\" aria-invalid=\"false\" placeholder=\"Commentaires\" name=\"comentarios\"><\/textarea><\/span>\n\t<\/p>\n<\/div>\n<div class=\"twocol last\">\n\t<p>FREIXA BOFILL TESEM, S.L. en tant que responsable du traitement traitera vos donn\u00e9es dans le but de r\u00e9pondre \u00e0 votre requ\u00eate ou demande. Vous pouvez acc\u00e9der, rectifier et effacer vos donn\u00e9es, et \u00e9galement exercer d\u2019autres droits en consultant les informations d\u00e9taill\u00e9es suppl\u00e9mentaires sur la protection des donn\u00e9es dans notre Politique de Confidentialit\u00e9.\n\t<\/p>\n\t<p><span class=\"wpcf7-form-control-wrap\" data-name=\"lopd\"><span class=\"wpcf7-form-control wpcf7-acceptance\"><span class=\"wpcf7-list-item\"><label><input type=\"checkbox\" name=\"lopd\" value=\"1\" aria-invalid=\"false\" \/><span class=\"wpcf7-list-item-label\">J\u2019ai lu et j\u2019accepte les conditions contenues dans la <a href=\"http:\/\/fbtplastics.com\/fr\/politique-de-confidentialite\/\">politique de confidentialit\u00e9<\/a> sur le traitement de mes donn\u00e9es pour g\u00e9rer ma requ\u00eate ou demande.<\/span><\/label><\/span><\/span><\/span>\n\t<\/p>\n\t<p>Nous aimerions que vous nous donniez votre consentement pour:\n\t<\/p>\n\t<p><span class=\"wpcf7-form-control-wrap\" data-name=\"newsletter\"><span class=\"wpcf7-form-control wpcf7-acceptance optional\"><span class=\"wpcf7-list-item\"><label><input type=\"checkbox\" name=\"newsletter\" value=\"1\" aria-invalid=\"false\" \/><span class=\"wpcf7-list-item-label\">Vous envoyer des informations commerciales sur les produits, services et nouvelles fonctionnalit\u00e9s de FREIXA BOFILL TESEM, S.L.<\/span><\/label><\/span><\/span><\/span>\n\t<\/p>\n\t<p><input class=\"wpcf7-form-control wpcf7-submit has-spinner\" type=\"submit\" value=\"Envoyer\" \/>\n\t<\/p>\n<\/div><div class=\"wpcf7-response-output\" aria-hidden=\"true\"><\/div>\n<\/form>\n<\/div>\n[\/vc_column][\/vc_row][vc_row full_width=\u00a0\u00bbstretch_row_content\u00a0\u00bb equal_height=\u00a0\u00bbyes\u00a0\u00bb content_placement=\u00a0\u00bbmiddle\u00a0\u00bb][vc_column width=\u00a0\u00bb1\/2&Prime; css=\u00a0\u00bb.vc_custom_1547025427781{background-color: #e12424 !important;}\u00a0\u00bb][vc_column_text el_class=\u00a0\u00bbcontact-adreca\u00a0\u00bb]<\/p>\n<p style=\"text-align: center;\">Freixa Bofill Tesem<br \/>\nP.I. Matabosch<br \/>\nCasarramona, 61-65<br \/>\n08570 Torell\u00f3<\/p>\n<p style=\"text-align: center;\">T 93 859 50 76<\/p>\n<p style=\"text-align: center;\"><a href=\"mailto:info@fbtplastics.com\">info@fbtplastics.com<\/a><\/p>\n<p>[\/vc_column_text][\/vc_column][vc_column width=\u00a0\u00bb1\/2&Prime; css=\u00a0\u00bb.vc_custom_1547025833168{padding-top: 175px !important;padding-bottom: 175px !important;background-image: url(http:\/\/fbtplastics.com\/wp\/wp-content\/uploads\/2019\/01\/contact-photo.jpg?id=121) !important;background-position: center !important;background-repeat: no-repeat !important;background-size: cover !important;}\u00a0\u00bb][\/vc_column][\/vc_row][vc_row full_width=\u00a0\u00bbstretch_row_content\u00a0\u00bb][vc_column][vc_gmaps link=\u00a0\u00bb#E-8_JTNDaWZyYW1lJTIwc3JjJTNEJTIyaHR0cHMlM0ElMkYlMkZ3d3cuZ29vZ2xlLmNvbSUyRm1hcHMlMkZlbWJlZCUzRnBiJTNEJTIxMW0xOCUyMTFtMTIlMjExbTMlMjExZDI5NjIuNTAwMTc3NjUzNzM1NiUyMTJkMi4yNDE2OTkzNTE2NzY3OTE0JTIxM2Q0Mi4wNTM4OTcxNjIyNzAyJTIxMm0zJTIxMWYwJTIxMmYwJTIxM2YwJTIxM20yJTIxMWkxMDI0JTIxMmk3NjglMjE0ZjEzLjElMjEzbTMlMjExbTIlMjExczB4MTJhNTI0Y2E4N2VkMWI4ZiUyNTNBMHg3ZmVlM2JjYjFhMTMzNmRhJTIxMnNGcmVpeGElMkJCb2ZpbGwlMkJUZXNlbSUyQlNsJTIxNWUwJTIxM20yJTIxMXNjYSUyMTJzZXMlMjE0djE1NDcwMjQ1OTcyMzMlMjIlMjB3aWR0aCUzRCUyMjYwMCUyMiUyMGhlaWdodCUzRCUyMjQ1MCUyMiUyMGZyYW1lYm9yZGVyJTNEJTIyMCUyMiUyMHN0eWxlJTNEJTIyYm9yZGVyJTNBMCUyMiUyMGFsbG93ZnVsbHNjcmVlbiUzRSUzQyUyRmlmcmFtZSUzRQ==\u00a0\u00bb][\/vc_column][\/vc_row]<\/p>\n<\/div>","protected":false},"excerpt":{"rendered":"<p>[vc_row full_width=\u00a0\u00bbstretch_row_content_no_spaces\u00a0\u00bb css_animation=\u00a0\u00bbnone\u00a0\u00bb css=\u00a0\u00bb.vc_custom_1550071017602{background-image: url(http:\/\/fbtplastics.com\/wp\/wp-content\/uploads\/2019\/02\/contact-header2.jpg?id=312) !important;background-position: center !important;background-repeat: no-repeat !important;background-size: cover !important;}\u00a0\u00bb el_class=\u00a0\u00bbcapcalera\u00a0\u00bb][vc_column][\/vc_column][\/vc_row][vc_row full_width=\u00a0\u00bbstretch_row\u00a0\u00bb css=\u00a0\u00bb.vc_custom_1550068852522{background-image: url(http:\/\/fbtplastics.com\/wp\/wp-content\/uploads\/2019\/02\/fbt-dots.png?id=213) !important;}\u00a0\u00bb][vc_column width=\u00a0\u00bb1\/6&Prime;][\/vc_column][vc_column width=\u00a0\u00bb4\/6&Prime;][vc_column_text el_class=\u00a0\u00bbsubtitol\u00a0\u00bb] Depuis le d\u00e9but Contactez-nous et nous vous conseillerons sur le d\u00e9veloppement de votre projet. [\/vc_column_text][\/vc_column][vc_column width=\u00a0\u00bb1\/6&Prime;][\/vc_column][\/vc_row][vc_row][vc_column][\/vc_column][\/vc_row][vc_row full_width=\u00a0\u00bbstretch_row_content\u00a0\u00bb equal_height=\u00a0\u00bbyes\u00a0\u00bb content_placement=\u00a0\u00bbmiddle\u00a0\u00bb][vc_column width=\u00a0\u00bb1\/2&Prime; css=\u00a0\u00bb.vc_custom_1547025427781{background-color: #e12424 !important;}\u00a0\u00bb][vc_column_text el_class=\u00a0\u00bbcontact-adreca\u00a0\u00bb] Freixa Bofill Tesem P.I. Matabosch Casarramona, 61-65 08570 Torell\u00f3 T 93 [&hellip;]<\/p>\n","protected":false},"author":1,"featured_media":0,"parent":0,"menu_order":0,"comment_status":"closed","ping_status":"closed","template":"","meta":{"footnotes":""},"_links":{"self":[{"href":"https:\/\/fbtplastics.com\/fr\/wp-json\/wp\/v2\/pages\/584"}],"collection":[{"href":"https:\/\/fbtplastics.com\/fr\/wp-json\/wp\/v2\/pages"}],"about":[{"href":"https:\/\/fbtplastics.com\/fr\/wp-json\/wp\/v2\/types\/page"}],"author":[{"embeddable":true,"href":"https:\/\/fbtplastics.com\/fr\/wp-json\/wp\/v2\/users\/1"}],"replies":[{"embeddable":true,"href":"https:\/\/fbtplastics.com\/fr\/wp-json\/wp\/v2\/comments?post=584"}],"version-history":[{"count":2,"href":"https:\/\/fbtplastics.com\/fr\/wp-json\/wp\/v2\/pages\/584\/revisions"}],"predecessor-version":[{"id":587,"href":"https:\/\/fbtplastics.com\/fr\/wp-json\/wp\/v2\/pages\/584\/revisions\/587"}],"wp:attachment":[{"href":"https:\/\/fbtplastics.com\/fr\/wp-json\/wp\/v2\/media?parent=584"}],"curies":[{"name":"wp","href":"https:\/\/api.w.org\/{rel}","templated":true}]}}